{"id":5325,"date":"2026-04-22T08:02:14","date_gmt":"2026-04-22T08:02:14","guid":{"rendered":"https:\/\/visalpin.ro\/?post_type=product&#038;p=5325"},"modified":"2026-04-22T08:09:23","modified_gmt":"2026-04-22T08:09:23","slug":"1-mai-la-vis-alpin","status":"publish","type":"product","link":"https:\/\/visalpin.ro\/index.php\/produs\/1-mai-la-vis-alpin\/","title":{"rendered":"1 Mai la Vis Alpin \u2014 o zi de distrac\u021bie pentru cei mici \u0219i mari!"},"content":{"rendered":"<div class=\"xdj266r x14z9mp xat24cr x1lziwak x1vvkbs x126k92a\">\n<div dir=\"auto\"><span class=\"html-span xexx8yu xyri2b x18d9i69 x1c1uobl x1hl2dhg x16tdsg8 x1vvkbs x3nfvp2 x1j61x8r x1fcty0u xdj266r xat24cr xm2jcoa x1mpyi22 xxymvpz xlup9mm x1kky2od\"><img loading=\"lazy\" decoding=\"async\" class=\"xz74otr x15mokao x1ga7v0g x16uus16 xbiv7yw\" src=\"https:\/\/static.xx.fbcdn.net\/images\/emoji.php\/v9\/ta\/2\/16\/1f333.png\" alt=\"\ud83c\udf33\" width=\"16\" height=\"16\" \/><\/span> 1 Mai la Vis Alpin \u2014 o zi de distrac\u021bie pentru cei mici \u0219i mari!<span class=\"html-span xexx8yu xyri2b x18d9i69 x1c1uobl x1hl2dhg x16tdsg8 x1vvkbs x3nfvp2 x1j61x8r x1fcty0u xdj266r xat24cr xm2jcoa x1mpyi22 xxymvpz xlup9mm x1kky2od\"><img loading=\"lazy\" decoding=\"async\" class=\"xz74otr x15mokao x1ga7v0g x16uus16 xbiv7yw\" src=\"https:\/\/static.xx.fbcdn.net\/images\/emoji.php\/v9\/t2b\/2\/16\/1f389.png\" alt=\"\ud83c\udf89\" width=\"16\" height=\"16\" \/><br \/>\n<\/span><\/div>\n<p>&nbsp;<\/p>\n<div dir=\"auto\"><\/div>\n<\/div>\n<div class=\"x14z9mp xat24cr x1lziwak x1vvkbs xtlvy1s x126k92a\">\n<div dir=\"auto\">Te invit\u0103m s\u0103 petreci o zi plin\u0103 de veselie, culoare \u0219i energie, \u00eentr-un cadru relaxant, g\u00e2ndit special pentru copii. Le-am preg\u0103tit activit\u0103\u021bi care le stimuleaz\u0103 creativitatea \u0219i curiozitatea, momente speciale care le aduc z\u00e2mbete largi \u0219i surprize care fac ziua de neuitat.<\/div>\n<\/div>\n<div class=\"x14z9mp xat24cr x1lziwak x1vvkbs xtlvy1s x126k92a\">\n<div dir=\"auto\">Momentul vedet\u0103? \u00cent\u00e2lnirea cu \u00eendr\u0103gita mascot\u0103 Chase <span class=\"html-span xexx8yu xyri2b x18d9i69 x1c1uobl x1hl2dhg x16tdsg8 x1vvkbs x3nfvp2 x1j61x8r x1fcty0u xdj266r xat24cr xm2jcoa x1mpyi22 xxymvpz xlup9mm x1kky2od\"><img loading=\"lazy\" decoding=\"async\" class=\"xz74otr x15mokao x1ga7v0g x16uus16 xbiv7yw\" src=\"https:\/\/static.xx.fbcdn.net\/images\/emoji.php\/v9\/t7d\/2\/16\/1f43e.png\" alt=\"\ud83d\udc3e\" width=\"16\" height=\"16\" \/><\/span> \u2014 \u00eembr\u0103\u021bi\u0219\u0103ri, poze memorabile \u0219i mult\u0103 voie bun\u0103. \u00cen plus, un tobogan gonflabil mare \u00eei a\u0219teapt\u0103 pentru s\u0103rituri \u0219i joac\u0103 \u00een siguran\u021b\u0103, \u00eentr-un spa\u021biu special amenajat.<\/div>\n<\/div>\n<div dir=\"auto\"><\/div>\n<div dir=\"auto\"><\/div>\n<div class=\"x14z9mp xat24cr x1lziwak x1vvkbs xtlvy1s x126k92a\">\n<div dir=\"auto\"><span class=\"html-span xexx8yu xyri2b x18d9i69 x1c1uobl x1hl2dhg x16tdsg8 x1vvkbs x3nfvp2 x1j61x8r x1fcty0u xdj266r xat24cr xm2jcoa x1mpyi22 xxymvpz xlup9mm x1kky2od\"><img loading=\"lazy\" decoding=\"async\" class=\"xz74otr x15mokao x1ga7v0g x16uus16 xbiv7yw\" src=\"https:\/\/static.xx.fbcdn.net\/images\/emoji.php\/v9\/tf8\/2\/16\/1f55a.png\" alt=\"\ud83d\udd5a\" width=\"16\" height=\"16\" \/><\/span> Programul zilei:<\/div>\n<div dir=\"auto\">11:30 \u2013 12:30 <span class=\"html-span xexx8yu xyri2b x18d9i69 x1c1uobl x1hl2dhg x16tdsg8 x1vvkbs x3nfvp2 x1j61x8r x1fcty0u xdj266r xat24cr xm2jcoa x1mpyi22 xxymvpz xlup9mm x1kky2od\"><img loading=\"lazy\" decoding=\"async\" class=\"xz74otr x15mokao x1ga7v0g x16uus16 xbiv7yw\" src=\"https:\/\/static.xx.fbcdn.net\/images\/emoji.php\/v9\/t75\/2\/16\/2728.png\" alt=\"\u2728\" width=\"16\" height=\"16\" \/><\/span> Face painting (se transform\u0103 \u00een personajele preferate)<\/div>\n<div dir=\"auto\">12:30 \u2013 13:30 <span class=\"html-span xexx8yu xyri2b x18d9i69 x1c1uobl x1hl2dhg x16tdsg8 x1vvkbs x3nfvp2 x1j61x8r x1fcty0u xdj266r xat24cr xm2jcoa x1mpyi22 xxymvpz xlup9mm x1kky2od\"><img loading=\"lazy\" decoding=\"async\" class=\"xz74otr x15mokao x1ga7v0g x16uus16 xbiv7yw\" src=\"https:\/\/static.xx.fbcdn.net\/images\/emoji.php\/v9\/t1d\/2\/16\/1f52c.png\" alt=\"\ud83d\udd2c\" width=\"16\" height=\"16\" \/><\/span> Atelier de experimente captivante<\/div>\n<div dir=\"auto\">13:30 \u2013 14:30 <span class=\"html-span xexx8yu xyri2b x18d9i69 x1c1uobl x1hl2dhg x16tdsg8 x1vvkbs x3nfvp2 x1j61x8r x1fcty0u xdj266r xat24cr xm2jcoa x1mpyi22 xxymvpz xlup9mm x1kky2od\"><img loading=\"lazy\" decoding=\"async\" class=\"xz74otr x15mokao x1ga7v0g x16uus16 xbiv7yw\" src=\"https:\/\/static.xx.fbcdn.net\/images\/emoji.php\/v9\/t7d\/2\/16\/1f43e.png\" alt=\"\ud83d\udc3e\" width=\"16\" height=\"16\" \/><\/span> \u00cent\u00e2lnire cu mascota Chase &amp; joac\u0103<\/div>\n<div dir=\"auto\">14:30 \u2013 15:30 <span class=\"html-span xexx8yu xyri2b x18d9i69 x1c1uobl x1hl2dhg x16tdsg8 x1vvkbs x3nfvp2 x1j61x8r x1fcty0u xdj266r xat24cr xm2jcoa x1mpyi22 xxymvpz xlup9mm x1kky2od\"><img loading=\"lazy\" decoding=\"async\" class=\"xz74otr x15mokao x1ga7v0g x16uus16 xbiv7yw\" src=\"https:\/\/static.xx.fbcdn.net\/images\/emoji.php\/v9\/t21\/2\/16\/1f3a8.png\" alt=\"\ud83c\udfa8\" width=\"16\" height=\"16\" \/><\/span> Pictur\u0103 pe figurine de ipsos<\/div>\n<div dir=\"auto\">15:30 \u2013 16:30 <span class=\"html-span xexx8yu xyri2b x18d9i69 x1c1uobl x1hl2dhg x16tdsg8 x1vvkbs x3nfvp2 x1j61x8r x1fcty0u xdj266r xat24cr xm2jcoa x1mpyi22 xxymvpz xlup9mm x1kky2od\"><img loading=\"lazy\" decoding=\"async\" class=\"xz74otr x15mokao x1ga7v0g x16uus16 xbiv7yw\" src=\"https:\/\/static.xx.fbcdn.net\/images\/emoji.php\/v9\/t67\/2\/16\/1f5fa.png\" alt=\"\ud83d\uddfa\ufe0f\" width=\"16\" height=\"16\" \/><\/span> C\u0103utare de comori<\/div>\n<div dir=\"auto\">16:30 \u2013 17:30 <span class=\"html-span xexx8yu xyri2b x18d9i69 x1c1uobl x1hl2dhg x16tdsg8 x1vvkbs x3nfvp2 x1j61x8r x1fcty0u xdj266r xat24cr xm2jcoa x1mpyi22 xxymvpz xlup9mm x1kky2od\"><img loading=\"lazy\" decoding=\"async\" class=\"xz74otr x15mokao x1ga7v0g x16uus16 xbiv7yw\" src=\"https:\/\/static.xx.fbcdn.net\/images\/emoji.php\/v9\/td1\/2\/16\/1fa81.png\" alt=\"\ud83e\ude81\" width=\"16\" height=\"16\" \/><\/span> Atelier de zmeu<\/div>\n<\/div>\n<div dir=\"auto\"><\/div>\n<div dir=\"auto\"><\/div>\n<div class=\"x14z9mp xat24cr x1lziwak x1vvkbs xtlvy1s x126k92a\">\n<div dir=\"auto\"><span class=\"html-span xexx8yu xyri2b x18d9i69 x1c1uobl x1hl2dhg x16tdsg8 x1vvkbs x3nfvp2 x1j61x8r x1fcty0u xdj266r xat24cr xm2jcoa x1mpyi22 xxymvpz xlup9mm x1kky2od\"><img loading=\"lazy\" decoding=\"async\" class=\"xz74otr x15mokao x1ga7v0g x16uus16 xbiv7yw\" src=\"https:\/\/static.xx.fbcdn.net\/images\/emoji.php\/v9\/t77\/2\/16\/1f39f.png\" alt=\"\ud83c\udf9f\ufe0f\" width=\"16\" height=\"16\" \/><\/span> Bilet: 50RON\/copil<\/div>\n<div dir=\"auto\"><span class=\"html-span xexx8yu xyri2b x18d9i69 x1c1uobl x1hl2dhg x16tdsg8 x1vvkbs x3nfvp2 x1j61x8r x1fcty0u xdj266r xat24cr xm2jcoa x1mpyi22 xxymvpz xlup9mm x1kky2od\"><img loading=\"lazy\" decoding=\"async\" class=\"xz74otr x15mokao x1ga7v0g x16uus16 xbiv7yw\" src=\"https:\/\/static.xx.fbcdn.net\/images\/emoji.php\/v9\/tcc\/2\/16\/1f4cd.png\" alt=\"\ud83d\udccd\" width=\"16\" height=\"16\" \/><\/span> Vis Alpin | <span class=\"html-span xexx8yu xyri2b x18d9i69 x1c1uobl x1hl2dhg x16tdsg8 x1vvkbs x3nfvp2 x1j61x8r x1fcty0u xdj266r xat24cr xm2jcoa x1mpyi22 xxymvpz xlup9mm x1kky2od\"><img loading=\"lazy\" decoding=\"async\" class=\"xz74otr x15mokao x1ga7v0g x16uus16 xbiv7yw\" src=\"https:\/\/static.xx.fbcdn.net\/images\/emoji.php\/v9\/t1d\/2\/16\/1f4c5.png\" alt=\"\ud83d\udcc5\" width=\"16\" height=\"16\" \/><\/span> 1 Mai<\/div>\n<div dir=\"auto\"><\/div>\n<\/div>\n<div class=\"x14z9mp xat24cr x1lziwak x1vvkbs xtlvy1s x126k92a\">\n<div dir=\"auto\">Rezerv\u0103 locul copilului t\u0103u pentru o zi plin\u0103 de amintiri frumoase! <span class=\"html-span xexx8yu xyri2b x18d9i69 x1c1uobl x1hl2dhg x16tdsg8 x1vvkbs x3nfvp2 x1j61x8r x1fcty0u xdj266r xat24cr xm2jcoa x1mpyi22 xxymvpz xlup9mm x1kky2od\"><img loading=\"lazy\" decoding=\"async\" class=\"xz74otr x15mokao x1ga7v0g x16uus16 xbiv7yw\" src=\"https:\/\/static.xx.fbcdn.net\/images\/emoji.php\/v9\/tb4\/2\/16\/1f49b.png\" alt=\"\ud83d\udc9b\" width=\"16\" height=\"16\" \/><\/span><\/div>\n<\/div>\n<div class=\"x14z9mp xat24cr x1lziwak x1vvkbs xtlvy1s x126k92a\">\n<div dir=\"auto\">Beli\u0219 426D, Jude\u021bul Cluj <span class=\"html-span xexx8yu xyri2b x18d9i69 x1c1uobl x1hl2dhg x16tdsg8 x1vvkbs x3nfvp2 x1j61x8r x1fcty0u xdj266r xat24cr xm2jcoa x1mpyi22 xxymvpz xlup9mm x1kky2od\"><img loading=\"lazy\" decoding=\"async\" class=\"xz74otr x15mokao x1ga7v0g x16uus16 xbiv7yw\" src=\"https:\/\/static.xx.fbcdn.net\/images\/emoji.php\/v9\/tcc\/2\/16\/1f4cd.png\" alt=\"\ud83d\udccd\" width=\"16\" height=\"16\" \/><\/span><\/div>\n<div dir=\"auto\">0741 277 076<\/div>\n<\/div>\n","protected":false},"excerpt":{"rendered":"<p>Pe 1 Mai, Vis Alpin se transform\u0103 \u00eentr-un t\u0103r\u00e2m al bucuriei pentru cei mici! O zi plin\u0103 de ateliere creative, \u00eent\u00e2lnirea cu mascota Chase, joac\u0103 pe gonflabil \u0219i surprize la tot pasul \u2014 totul \u00eentr-un cadru natural, perfect pentru amintiri de neuitat.<\/p>\n","protected":false},"featured_media":5326,"template":"","meta":[],"product_cat":[77],"product_tag":[],"class_list":{"0":"post-5325","1":"product","2":"type-product","3":"status-publish","4":"has-post-thumbnail","6":"product_cat-fara-categorie","8":"first","9":"instock","10":"virtual","11":"taxable","12":"purchasable","13":"product-type-simple"},"yoast_head":"<!-- This site is optimized with the Yoast SEO plugin v25.3.1 - https:\/\/yoast.com\/wordpress\/plugins\/seo\/ -->\n<title>1 Mai la Vis Alpin \u2014 o zi de distrac\u021bie pentru cei mici \u0219i mari! - Pensiunea Vis Alpin Belis<\/title>\n<meta name=\"description\" content=\"Petrece 1 Mai la Vis Alpin Beli\u0219! O zi plin\u0103 de joac\u0103 pentru copii: face painting, mascota Chase, gonflabil, ateliere creative \u0219i c\u0103utare de comori. Locuri limitate!\" \/>\n<meta name=\"robots\" content=\"index, follow, max-snippet:-1, max-image-preview:large, max-video-preview:-1\" \/>\n<link rel=\"canonical\" href=\"https:\/\/visalpin.ro\/index.php\/produs\/1-mai-la-vis-alpin\/\" \/>\n<meta property=\"og:locale\" content=\"ro_RO\" \/>\n<meta property=\"og:type\" content=\"article\" \/>\n<meta property=\"og:title\" content=\"1 Mai la Vis Alpin \u2014 o zi de distrac\u021bie pentru cei mici \u0219i mari! - Pensiunea Vis Alpin Belis\" \/>\n<meta property=\"og:description\" content=\"Petrece 1 Mai la Vis Alpin Beli\u0219! O zi plin\u0103 de joac\u0103 pentru copii: face painting, mascota Chase, gonflabil, ateliere creative \u0219i c\u0103utare de comori. Locuri limitate!\" \/>\n<meta property=\"og:url\" content=\"https:\/\/visalpin.ro\/index.php\/produs\/1-mai-la-vis-alpin\/\" \/>\n<meta property=\"og:site_name\" content=\"Pensiunea Vis Alpin Belis\" \/>\n<meta property=\"article:publisher\" content=\"https:\/\/www.facebook.com\/pensiunebelis.ro\" \/>\n<meta property=\"article:modified_time\" content=\"2026-04-22T08:09:23+00:00\" \/>\n<meta property=\"og:image\" content=\"https:\/\/visalpin.ro\/wp-content\/uploads\/2026\/04\/1-Mai-La-Belis\u0326.jpg\" \/>\n\t<meta property=\"og:image:width\" content=\"1080\" \/>\n\t<meta property=\"og:image:height\" content=\"1080\" \/>\n\t<meta property=\"og:image:type\" content=\"image\/jpeg\" \/>\n<meta name=\"twitter:card\" content=\"summary_large_image\" \/>\n<meta name=\"twitter:site\" content=\"@vis_alpin\" \/>\n<meta name=\"twitter:label1\" content=\"Timp estimat pentru citire\" \/>\n\t<meta name=\"twitter:data1\" content=\"5 minute\" \/>\n<script type=\"application\/ld+json\" class=\"yoast-schema-graph\">{\"@context\":\"https:\/\/schema.org\",\"@graph\":[{\"@type\":\"WebPage\",\"@id\":\"https:\/\/visalpin.ro\/index.php\/produs\/1-mai-la-vis-alpin\/\",\"url\":\"https:\/\/visalpin.ro\/index.php\/produs\/1-mai-la-vis-alpin\/\",\"name\":\"1 Mai la Vis Alpin \u2014 o zi de distrac\u021bie pentru cei mici \u0219i mari! - Pensiunea Vis Alpin Belis\",\"isPartOf\":{\"@id\":\"https:\/\/visalpin.ro\/#website\"},\"primaryImageOfPage\":{\"@id\":\"https:\/\/visalpin.ro\/index.php\/produs\/1-mai-la-vis-alpin\/#primaryimage\"},\"image\":{\"@id\":\"https:\/\/visalpin.ro\/index.php\/produs\/1-mai-la-vis-alpin\/#primaryimage\"},\"thumbnailUrl\":\"https:\/\/visalpin.ro\/wp-content\/uploads\/2026\/04\/1-Mai-La-Belis\u0326.jpg\",\"datePublished\":\"2026-04-22T08:02:14+00:00\",\"dateModified\":\"2026-04-22T08:09:23+00:00\",\"description\":\"Petrece 1 Mai la Vis Alpin Beli\u0219! O zi plin\u0103 de joac\u0103 pentru copii: face painting, mascota Chase, gonflabil, ateliere creative \u0219i c\u0103utare de comori. Locuri limitate!\",\"breadcrumb\":{\"@id\":\"https:\/\/visalpin.ro\/index.php\/produs\/1-mai-la-vis-alpin\/#breadcrumb\"},\"inLanguage\":\"ro-RO\",\"potentialAction\":[{\"@type\":\"ReadAction\",\"target\":[\"https:\/\/visalpin.ro\/index.php\/produs\/1-mai-la-vis-alpin\/\"]}]},{\"@type\":\"ImageObject\",\"inLanguage\":\"ro-RO\",\"@id\":\"https:\/\/visalpin.ro\/index.php\/produs\/1-mai-la-vis-alpin\/#primaryimage\",\"url\":\"https:\/\/visalpin.ro\/wp-content\/uploads\/2026\/04\/1-Mai-La-Belis\u0326.jpg\",\"contentUrl\":\"https:\/\/visalpin.ro\/wp-content\/uploads\/2026\/04\/1-Mai-La-Belis\u0326.jpg\",\"width\":1080,\"height\":1080},{\"@type\":\"BreadcrumbList\",\"@id\":\"https:\/\/visalpin.ro\/index.php\/produs\/1-mai-la-vis-alpin\/#breadcrumb\",\"itemListElement\":[{\"@type\":\"ListItem\",\"position\":1,\"name\":\"Prima pagin\u0103\",\"item\":\"https:\/\/visalpin.ro\/\"},{\"@type\":\"ListItem\",\"position\":2,\"name\":\"Magazin\",\"item\":\"https:\/\/visalpin.ro\/index.php\/magazin\/\"},{\"@type\":\"ListItem\",\"position\":3,\"name\":\"1 Mai la Vis Alpin \u2014 o zi de distrac\u021bie pentru cei mici \u0219i mari!\"}]},{\"@type\":\"WebSite\",\"@id\":\"https:\/\/visalpin.ro\/#website\",\"url\":\"https:\/\/visalpin.ro\/\",\"name\":\"Pensiunea Vis Alpin Belis\",\"description\":\"\",\"publisher\":{\"@id\":\"https:\/\/visalpin.ro\/#organization\"},\"potentialAction\":[{\"@type\":\"SearchAction\",\"target\":{\"@type\":\"EntryPoint\",\"urlTemplate\":\"https:\/\/visalpin.ro\/?s={search_term_string}\"},\"query-input\":{\"@type\":\"PropertyValueSpecification\",\"valueRequired\":true,\"valueName\":\"search_term_string\"}}],\"inLanguage\":\"ro-RO\"},{\"@type\":\"Organization\",\"@id\":\"https:\/\/visalpin.ro\/#organization\",\"name\":\"Pensiunea Vis Alpin Belis\",\"url\":\"https:\/\/visalpin.ro\/\",\"logo\":{\"@type\":\"ImageObject\",\"inLanguage\":\"ro-RO\",\"@id\":\"https:\/\/visalpin.ro\/#\/schema\/logo\/image\/\",\"url\":\"https:\/\/visalpin.ro\/wp-content\/uploads\/2020\/05\/logo-pensiunea-alpin-c9_Vis-BT2-antet.png\",\"contentUrl\":\"https:\/\/visalpin.ro\/wp-content\/uploads\/2020\/05\/logo-pensiunea-alpin-c9_Vis-BT2-antet.png\",\"width\":3308,\"height\":1437,\"caption\":\"Pensiunea Vis Alpin Belis\"},\"image\":{\"@id\":\"https:\/\/visalpin.ro\/#\/schema\/logo\/image\/\"},\"sameAs\":[\"https:\/\/www.facebook.com\/pensiunebelis.ro\",\"https:\/\/x.com\/vis_alpin\",\"https:\/\/www.instagram.com\/vis.alpin\/\",\"https:\/\/www.youtube.com\/channel\/UC9ww565y7GPfXiIYRwDR1Nw\"]}]}<\/script>\n<!-- \/ Yoast SEO plugin. -->","yoast_head_json":{"title":"1 Mai la Vis Alpin \u2014 o zi de distrac\u021bie pentru cei mici \u0219i mari! - Pensiunea Vis Alpin Belis","description":"Petrece 1 Mai la Vis Alpin Beli\u0219! O zi plin\u0103 de joac\u0103 pentru copii: face painting, mascota Chase, gonflabil, ateliere creative \u0219i c\u0103utare de comori. Locuri limitate!","robots":{"index":"index","follow":"follow","max-snippet":"max-snippet:-1","max-image-preview":"max-image-preview:large","max-video-preview":"max-video-preview:-1"},"canonical":"https:\/\/visalpin.ro\/index.php\/produs\/1-mai-la-vis-alpin\/","og_locale":"ro_RO","og_type":"article","og_title":"1 Mai la Vis Alpin \u2014 o zi de distrac\u021bie pentru cei mici \u0219i mari! - Pensiunea Vis Alpin Belis","og_description":"Petrece 1 Mai la Vis Alpin Beli\u0219! O zi plin\u0103 de joac\u0103 pentru copii: face painting, mascota Chase, gonflabil, ateliere creative \u0219i c\u0103utare de comori. Locuri limitate!","og_url":"https:\/\/visalpin.ro\/index.php\/produs\/1-mai-la-vis-alpin\/","og_site_name":"Pensiunea Vis Alpin Belis","article_publisher":"https:\/\/www.facebook.com\/pensiunebelis.ro","article_modified_time":"2026-04-22T08:09:23+00:00","og_image":[{"width":1080,"height":1080,"url":"https:\/\/visalpin.ro\/wp-content\/uploads\/2026\/04\/1-Mai-La-Belis\u0326.jpg","type":"image\/jpeg"}],"twitter_card":"summary_large_image","twitter_site":"@vis_alpin","twitter_misc":{"Timp estimat pentru citire":"5 minute"},"schema":{"@context":"https:\/\/schema.org","@graph":[{"@type":"WebPage","@id":"https:\/\/visalpin.ro\/index.php\/produs\/1-mai-la-vis-alpin\/","url":"https:\/\/visalpin.ro\/index.php\/produs\/1-mai-la-vis-alpin\/","name":"1 Mai la Vis Alpin \u2014 o zi de distrac\u021bie pentru cei mici \u0219i mari! - Pensiunea Vis Alpin Belis","isPartOf":{"@id":"https:\/\/visalpin.ro\/#website"},"primaryImageOfPage":{"@id":"https:\/\/visalpin.ro\/index.php\/produs\/1-mai-la-vis-alpin\/#primaryimage"},"image":{"@id":"https:\/\/visalpin.ro\/index.php\/produs\/1-mai-la-vis-alpin\/#primaryimage"},"thumbnailUrl":"https:\/\/visalpin.ro\/wp-content\/uploads\/2026\/04\/1-Mai-La-Belis\u0326.jpg","datePublished":"2026-04-22T08:02:14+00:00","dateModified":"2026-04-22T08:09:23+00:00","description":"Petrece 1 Mai la Vis Alpin Beli\u0219! O zi plin\u0103 de joac\u0103 pentru copii: face painting, mascota Chase, gonflabil, ateliere creative \u0219i c\u0103utare de comori. Locuri limitate!","breadcrumb":{"@id":"https:\/\/visalpin.ro\/index.php\/produs\/1-mai-la-vis-alpin\/#breadcrumb"},"inLanguage":"ro-RO","potentialAction":[{"@type":"ReadAction","target":["https:\/\/visalpin.ro\/index.php\/produs\/1-mai-la-vis-alpin\/"]}]},{"@type":"ImageObject","inLanguage":"ro-RO","@id":"https:\/\/visalpin.ro\/index.php\/produs\/1-mai-la-vis-alpin\/#primaryimage","url":"https:\/\/visalpin.ro\/wp-content\/uploads\/2026\/04\/1-Mai-La-Belis\u0326.jpg","contentUrl":"https:\/\/visalpin.ro\/wp-content\/uploads\/2026\/04\/1-Mai-La-Belis\u0326.jpg","width":1080,"height":1080},{"@type":"BreadcrumbList","@id":"https:\/\/visalpin.ro\/index.php\/produs\/1-mai-la-vis-alpin\/#breadcrumb","itemListElement":[{"@type":"ListItem","position":1,"name":"Prima pagin\u0103","item":"https:\/\/visalpin.ro\/"},{"@type":"ListItem","position":2,"name":"Magazin","item":"https:\/\/visalpin.ro\/index.php\/magazin\/"},{"@type":"ListItem","position":3,"name":"1 Mai la Vis Alpin \u2014 o zi de distrac\u021bie pentru cei mici \u0219i mari!"}]},{"@type":"WebSite","@id":"https:\/\/visalpin.ro\/#website","url":"https:\/\/visalpin.ro\/","name":"Pensiunea Vis Alpin Belis","description":"","publisher":{"@id":"https:\/\/visalpin.ro\/#organization"},"potentialAction":[{"@type":"SearchAction","target":{"@type":"EntryPoint","urlTemplate":"https:\/\/visalpin.ro\/?s={search_term_string}"},"query-input":{"@type":"PropertyValueSpecification","valueRequired":true,"valueName":"search_term_string"}}],"inLanguage":"ro-RO"},{"@type":"Organization","@id":"https:\/\/visalpin.ro\/#organization","name":"Pensiunea Vis Alpin Belis","url":"https:\/\/visalpin.ro\/","logo":{"@type":"ImageObject","inLanguage":"ro-RO","@id":"https:\/\/visalpin.ro\/#\/schema\/logo\/image\/","url":"https:\/\/visalpin.ro\/wp-content\/uploads\/2020\/05\/logo-pensiunea-alpin-c9_Vis-BT2-antet.png","contentUrl":"https:\/\/visalpin.ro\/wp-content\/uploads\/2020\/05\/logo-pensiunea-alpin-c9_Vis-BT2-antet.png","width":3308,"height":1437,"caption":"Pensiunea Vis Alpin Belis"},"image":{"@id":"https:\/\/visalpin.ro\/#\/schema\/logo\/image\/"},"sameAs":["https:\/\/www.facebook.com\/pensiunebelis.ro","https:\/\/x.com\/vis_alpin","https:\/\/www.instagram.com\/vis.alpin\/","https:\/\/www.youtube.com\/channel\/UC9ww565y7GPfXiIYRwDR1Nw"]}]}},"_links":{"self":[{"href":"https:\/\/visalpin.ro\/index.php\/wp-json\/wp\/v2\/product\/5325"}],"collection":[{"href":"https:\/\/visalpin.ro\/index.php\/wp-json\/wp\/v2\/product"}],"about":[{"href":"https:\/\/visalpin.ro\/index.php\/wp-json\/wp\/v2\/types\/product"}],"wp:featuredmedia":[{"embeddable":true,"href":"https:\/\/visalpin.ro\/index.php\/wp-json\/wp\/v2\/media\/5326"}],"wp:attachment":[{"href":"https:\/\/visalpin.ro\/index.php\/wp-json\/wp\/v2\/media?parent=5325"}],"wp:term":[{"taxonomy":"product_cat","embeddable":true,"href":"https:\/\/visalpin.ro\/index.php\/wp-json\/wp\/v2\/product_cat?post=5325"},{"taxonomy":"product_tag","embeddable":true,"href":"https:\/\/visalpin.ro\/index.php\/wp-json\/wp\/v2\/product_tag?post=5325"}],"curies":[{"name":"wp","href":"https:\/\/api.w.org\/{rel}","templated":true}]}}