{"id":3987,"date":"2021-06-02T20:08:00","date_gmt":"2021-06-02T20:08:00","guid":{"rendered":"http:\/\/visalpin.ro\/?page_id=3987"},"modified":"2024-09-18T16:12:28","modified_gmt":"2024-09-18T16:12:28","slug":"comunicat-de-presa-iunie","status":"publish","type":"page","link":"https:\/\/visalpin.ro\/index.php\/comunicat-de-presa-iunie\/","title":{"rendered":"Comunicat de Presa Iunie"},"content":{"rendered":"\n  <div class=\"banner has-hover\" id=\"banner-179204075\">\n          <div class=\"banner-inner fill\">\n        <div class=\"banner-bg fill\" >\n            <img loading=\"lazy\" decoding=\"async\" width=\"800\" height=\"600\" src=\"https:\/\/visalpin.ro\/wp-content\/uploads\/2020\/05\/1j-1.jpg\" class=\"bg attachment-1536x1536 size-1536x1536\" alt=\"\" \/>                        <div class=\"overlay\"><\/div>            \n                    <\/div>\n\t\t\n        <div class=\"banner-layers container\">\n            <div class=\"fill banner-link\"><\/div>            \n   <div id=\"text-box-621650341\" class=\"text-box banner-layer x50 md-x50 lg-x50 y50 md-y50 lg-y50 res-text\">\n                                <div class=\"text-box-content text dark\">\n              \n              <div class=\"text-inner text-center\">\n                  \n<h3 class=\"uppercase\">COMUNICAT DE PRESA<\/h3>\n              <\/div>\n           <\/div>\n                            \n<style>\n#text-box-621650341 {\n  width: 60%;\n}\n#text-box-621650341 .text-box-content {\n  font-size: 100%;\n}\n<\/style>\n    <\/div>\n \n        <\/div>\n      <\/div>\n\n            \n<style>\n#banner-179204075 {\n  padding-top: 500px;\n}\n#banner-179204075 .overlay {\n  background-color: rgba(0, 0, 0, 0.2);\n}\n<\/style>\n  <\/div>\n\n\n\t<section class=\"section\" id=\"section_1488862732\">\n\t\t<div class=\"section-bg fill\" >\n\t\t\t\t\t\t\t\t\t\n\t\t\t\n\n\t\t<\/div>\n\n\t\t\n\n\t\t<div class=\"section-content relative\">\n\t\t\t\n<div class=\"row\"  id=\"row-1558853723\">\n\n\t<div id=\"col-1864972113\" class=\"col small-12 large-12\"  >\n\t\t\t\t<div class=\"col-inner\"  >\n\t\t\t\n\t\t\t\n\t<div class=\"img has-hover x md-x lg-x y md-y lg-y\" id=\"image_736832484\">\n\t\t\t\t\t\t\t\t<div class=\"img-inner dark\" >\n\t\t\t<img loading=\"lazy\" decoding=\"async\" width=\"1518\" height=\"251\" src=\"https:\/\/visalpin.ro\/wp-content\/uploads\/2021\/02\/header-regio.png\" class=\"attachment-original size-original\" alt=\"\" srcset=\"https:\/\/visalpin.ro\/wp-content\/uploads\/2021\/02\/header-regio.png 1518w, https:\/\/visalpin.ro\/wp-content\/uploads\/2021\/02\/header-regio-600x99.png 600w, https:\/\/visalpin.ro\/wp-content\/uploads\/2021\/02\/header-regio-300x50.png 300w, https:\/\/visalpin.ro\/wp-content\/uploads\/2021\/02\/header-regio-1024x169.png 1024w, https:\/\/visalpin.ro\/wp-content\/uploads\/2021\/02\/header-regio-768x127.png 768w, https:\/\/visalpin.ro\/wp-content\/uploads\/2021\/02\/header-regio-18x3.png 18w\" sizes=\"(max-width: 1518px) 100vw, 1518px\" \/>\t\t\t\t\t\t\n\t\t\t\t\t<\/div>\n\t\t\t\t\t\t\t\t\n<style>\n#image_736832484 {\n  width: 100%;\n}\n<\/style>\n\t<\/div>\n\t\n<p style=\"text-align: right;\">Data public\u0103rii 02.06.2021<\/p>\n<p style=\"text-align: center;\"><strong><span class=\"fontstyle0\">\u201d<\/span><span class=\"fontstyle0\">Granturi pentru capital de lucru acordate IMM-urilor\u201d din cadrul schemei<br \/>de ajutor de stat instituit\u0103 prin ORDONAN\u021aA DE URGEN\u021a\u0102 nr. 130 din 31<br \/>iulie 2020 privind unele m\u0103suri pentru acordarea de sprijin financiar din<br \/>fonduri externe nerambursabile, aferente Programului opera\u021bional<br \/>Competitivitate 2014-2020, \u00een contextul crizei provocate de COVID-19<\/span><\/strong><\/p>\n<p style=\"text-align: center;\"><span class=\"fontstyle2\">Societatea 8 EX SRL, \u00cen calitate de Beneficiar, implementeaz\u0103 proiectul \u201eGranturi pentru capital de lucru\u201d, cod proiect 2733, finan\u0163at prin schema de ajutor de stat instituit\u0103 prin ORDONAN\u021aA DE URGEN\u021a\u0102 nr. 130 din 31 iulie 2020 privind unele m\u0103suri pentru acordarea de sprijin financiar din fonduri externe nerambursabile, aferente Programului opera\u021bional Competitivitate 2014-2020, \u00een contextul crizei provocate de COVID-19.<\/span><\/p>\n<p style=\"text-align: center;\"><span class=\"fontstyle2\">Autoritatea de Management este Ministerul Fondurilor Europene.<br \/>Organismul Intermediar: AIMMAIPE Cluj-Napoca<\/span><\/p>\n<p style=\"text-align: center;\"><span class=\"fontstyle2\">Valoarea total\u0103 a proiectului este de 82431.37 lei din care finan\u0163area nerambursabil\u0103 este reprezentat\u0103 de suma de 71679.45 lei.<\/span><\/p>\n<p style=\"text-align: center;\"><span class=\"fontstyle2\">Obiectivul principal al schemei de ajutor de stat \u00eel constituie acordarea de sprijin financiar din fonduri externe nerambursabile, aferente Programului Opera\u021bional Competitivitate 2014-2020, denumit \u00een continuare POC, \u00een contextul crizei provocate de COVID-19, pentru beneficiarii prev\u0103zu\u021bi la art. 3, a c\u0103ror activitate a fost afectat\u0103 direct sau indirect de r\u0103sp\u00e2ndirea virusului SARS-CoV-2 sau a c\u0103ror activitate a fost interzis\u0103 prin ordonan\u021be militare pe perioada st\u0103rii de urgen\u021b\u0103 sau \u00eengr\u0103dite pe perioada st\u0103rii de alert\u0103.<\/span><\/p>\n<p style=\"text-align: center;\"><span class=\"fontstyle2\"><br \/>Durata de implementare a proiectului este de 6 de luni, \u00een perioada 06.01.2021 \u2013 05.07.2021<\/span><span style=\"font-size: 14.4px;\">\u00a0<\/span><\/p>\n<p style=\"text-align: center;\"><strong><span class=\"fontstyle3\">Date de contact beneficiar:<br \/>Adresa: Sat Beli\u015f, Comuna Beli\u015f, Nr. 426A, Judet Cluj<br \/>reprezentant legal: Micu Teodor \u2013 Vasile<br \/>tel. 0744354135<br \/>email:\u00a0management@visalpin.ro<\/span><\/strong><\/p>\n<p style=\"text-align: center;\"><span class=\"fontstyle3\"><br \/><\/span><span class=\"fontstyle3\"><strong>www.imm.gov.ro<\/strong><br \/><strong>www.inforegio.ro | facebook.com\/inforegio.ro<\/strong><\/span><\/p>\n<p style=\"text-align: center;\"><span class=\"fontstyle3\"><br \/><\/span><span class=\"fontstyle4\">Investim \u00een viitorul t\u0103u! Proiect cofinan\u021bat din Fondul European de Dezvoltare Regional\u0103 prin Programul Opera\u0163ional Regional 2014-2020<br \/><\/span><span class=\"fontstyle3\">Con\u0163inutul acestui material nu reprezint\u0103 \u00een mod obligatoriu pozi\u0163ia oficial\u0103 a Uniunii Europene sau a Guvernului Rom\u00e2niei.<\/span><\/p>\n\t\t<\/div>\n\t\t\t\t\t<\/div>\n\n\t\n<\/div>\n\t\t<\/div>\n\n\t\t\n<style>\n#section_1488862732 {\n  padding-top: 60px;\n  padding-bottom: 60px;\n}\n<\/style>\n\t<\/section>\n\t\n","protected":false},"excerpt":{"rendered":"","protected":false},"author":1,"featured_media":0,"parent":0,"menu_order":0,"comment_status":"closed","ping_status":"closed","template":"page-blank.php","meta":{"footnotes":""},"class_list":["post-3987","page","type-page","status-publish","hentry"],"yoast_head":"<!-- This site is optimized with the Yoast SEO plugin v25.3.1 - https:\/\/yoast.com\/wordpress\/plugins\/seo\/ -->\n<title>Comunicat de Presa Iunie - Pensiunea Vis Alpin Belis<\/title>\n<meta name=\"robots\" content=\"index, follow, max-snippet:-1, max-image-preview:large, max-video-preview:-1\" \/>\n<link rel=\"canonical\" href=\"https:\/\/visalpin.ro\/index.php\/comunicat-de-presa-iunie\/\" \/>\n<meta property=\"og:locale\" content=\"ro_RO\" \/>\n<meta property=\"og:type\" content=\"article\" \/>\n<meta property=\"og:title\" content=\"Comunicat de Presa Iunie - Pensiunea Vis Alpin Belis\" \/>\n<meta property=\"og:url\" content=\"https:\/\/visalpin.ro\/index.php\/comunicat-de-presa-iunie\/\" \/>\n<meta property=\"og:site_name\" content=\"Pensiunea Vis Alpin Belis\" \/>\n<meta property=\"article:publisher\" content=\"https:\/\/www.facebook.com\/pensiunebelis.ro\" \/>\n<meta property=\"article:modified_time\" content=\"2024-09-18T16:12:28+00:00\" \/>\n<meta name=\"twitter:card\" content=\"summary_large_image\" \/>\n<meta name=\"twitter:site\" content=\"@vis_alpin\" \/>\n<meta name=\"twitter:label1\" content=\"Timp estimat pentru citire\" \/>\n\t<meta name=\"twitter:data1\" content=\"2 minute\" \/>\n<script type=\"application\/ld+json\" class=\"yoast-schema-graph\">{\"@context\":\"https:\/\/schema.org\",\"@graph\":[{\"@type\":\"WebPage\",\"@id\":\"https:\/\/visalpin.ro\/index.php\/comunicat-de-presa-iunie\/\",\"url\":\"https:\/\/visalpin.ro\/index.php\/comunicat-de-presa-iunie\/\",\"name\":\"Comunicat de Presa Iunie - Pensiunea Vis Alpin Belis\",\"isPartOf\":{\"@id\":\"https:\/\/visalpin.ro\/#website\"},\"datePublished\":\"2021-06-02T20:08:00+00:00\",\"dateModified\":\"2024-09-18T16:12:28+00:00\",\"breadcrumb\":{\"@id\":\"https:\/\/visalpin.ro\/index.php\/comunicat-de-presa-iunie\/#breadcrumb\"},\"inLanguage\":\"ro-RO\",\"potentialAction\":[{\"@type\":\"ReadAction\",\"target\":[\"https:\/\/visalpin.ro\/index.php\/comunicat-de-presa-iunie\/\"]}]},{\"@type\":\"BreadcrumbList\",\"@id\":\"https:\/\/visalpin.ro\/index.php\/comunicat-de-presa-iunie\/#breadcrumb\",\"itemListElement\":[{\"@type\":\"ListItem\",\"position\":1,\"name\":\"Prima pagin\u0103\",\"item\":\"https:\/\/visalpin.ro\/\"},{\"@type\":\"ListItem\",\"position\":2,\"name\":\"Comunicat de Presa Iunie\"}]},{\"@type\":\"WebSite\",\"@id\":\"https:\/\/visalpin.ro\/#website\",\"url\":\"https:\/\/visalpin.ro\/\",\"name\":\"Pensiunea Vis Alpin Belis\",\"description\":\"\",\"publisher\":{\"@id\":\"https:\/\/visalpin.ro\/#organization\"},\"potentialAction\":[{\"@type\":\"SearchAction\",\"target\":{\"@type\":\"EntryPoint\",\"urlTemplate\":\"https:\/\/visalpin.ro\/?s={search_term_string}\"},\"query-input\":{\"@type\":\"PropertyValueSpecification\",\"valueRequired\":true,\"valueName\":\"search_term_string\"}}],\"inLanguage\":\"ro-RO\"},{\"@type\":\"Organization\",\"@id\":\"https:\/\/visalpin.ro\/#organization\",\"name\":\"Pensiunea Vis Alpin Belis\",\"url\":\"https:\/\/visalpin.ro\/\",\"logo\":{\"@type\":\"ImageObject\",\"inLanguage\":\"ro-RO\",\"@id\":\"https:\/\/visalpin.ro\/#\/schema\/logo\/image\/\",\"url\":\"https:\/\/visalpin.ro\/wp-content\/uploads\/2020\/05\/logo-pensiunea-alpin-c9_Vis-BT2-antet.png\",\"contentUrl\":\"https:\/\/visalpin.ro\/wp-content\/uploads\/2020\/05\/logo-pensiunea-alpin-c9_Vis-BT2-antet.png\",\"width\":3308,\"height\":1437,\"caption\":\"Pensiunea Vis Alpin Belis\"},\"image\":{\"@id\":\"https:\/\/visalpin.ro\/#\/schema\/logo\/image\/\"},\"sameAs\":[\"https:\/\/www.facebook.com\/pensiunebelis.ro\",\"https:\/\/x.com\/vis_alpin\",\"https:\/\/www.instagram.com\/vis.alpin\/\",\"https:\/\/www.youtube.com\/channel\/UC9ww565y7GPfXiIYRwDR1Nw\"]}]}<\/script>\n<!-- \/ Yoast SEO plugin. -->","yoast_head_json":{"title":"Comunicat de Presa Iunie - Pensiunea Vis Alpin Belis","robots":{"index":"index","follow":"follow","max-snippet":"max-snippet:-1","max-image-preview":"max-image-preview:large","max-video-preview":"max-video-preview:-1"},"canonical":"https:\/\/visalpin.ro\/index.php\/comunicat-de-presa-iunie\/","og_locale":"ro_RO","og_type":"article","og_title":"Comunicat de Presa Iunie - Pensiunea Vis Alpin Belis","og_url":"https:\/\/visalpin.ro\/index.php\/comunicat-de-presa-iunie\/","og_site_name":"Pensiunea Vis Alpin Belis","article_publisher":"https:\/\/www.facebook.com\/pensiunebelis.ro","article_modified_time":"2024-09-18T16:12:28+00:00","twitter_card":"summary_large_image","twitter_site":"@vis_alpin","twitter_misc":{"Timp estimat pentru citire":"2 minute"},"schema":{"@context":"https:\/\/schema.org","@graph":[{"@type":"WebPage","@id":"https:\/\/visalpin.ro\/index.php\/comunicat-de-presa-iunie\/","url":"https:\/\/visalpin.ro\/index.php\/comunicat-de-presa-iunie\/","name":"Comunicat de Presa Iunie - Pensiunea Vis Alpin Belis","isPartOf":{"@id":"https:\/\/visalpin.ro\/#website"},"datePublished":"2021-06-02T20:08:00+00:00","dateModified":"2024-09-18T16:12:28+00:00","breadcrumb":{"@id":"https:\/\/visalpin.ro\/index.php\/comunicat-de-presa-iunie\/#breadcrumb"},"inLanguage":"ro-RO","potentialAction":[{"@type":"ReadAction","target":["https:\/\/visalpin.ro\/index.php\/comunicat-de-presa-iunie\/"]}]},{"@type":"BreadcrumbList","@id":"https:\/\/visalpin.ro\/index.php\/comunicat-de-presa-iunie\/#breadcrumb","itemListElement":[{"@type":"ListItem","position":1,"name":"Prima pagin\u0103","item":"https:\/\/visalpin.ro\/"},{"@type":"ListItem","position":2,"name":"Comunicat de Presa Iunie"}]},{"@type":"WebSite","@id":"https:\/\/visalpin.ro\/#website","url":"https:\/\/visalpin.ro\/","name":"Pensiunea Vis Alpin Belis","description":"","publisher":{"@id":"https:\/\/visalpin.ro\/#organization"},"potentialAction":[{"@type":"SearchAction","target":{"@type":"EntryPoint","urlTemplate":"https:\/\/visalpin.ro\/?s={search_term_string}"},"query-input":{"@type":"PropertyValueSpecification","valueRequired":true,"valueName":"search_term_string"}}],"inLanguage":"ro-RO"},{"@type":"Organization","@id":"https:\/\/visalpin.ro\/#organization","name":"Pensiunea Vis Alpin Belis","url":"https:\/\/visalpin.ro\/","logo":{"@type":"ImageObject","inLanguage":"ro-RO","@id":"https:\/\/visalpin.ro\/#\/schema\/logo\/image\/","url":"https:\/\/visalpin.ro\/wp-content\/uploads\/2020\/05\/logo-pensiunea-alpin-c9_Vis-BT2-antet.png","contentUrl":"https:\/\/visalpin.ro\/wp-content\/uploads\/2020\/05\/logo-pensiunea-alpin-c9_Vis-BT2-antet.png","width":3308,"height":1437,"caption":"Pensiunea Vis Alpin Belis"},"image":{"@id":"https:\/\/visalpin.ro\/#\/schema\/logo\/image\/"},"sameAs":["https:\/\/www.facebook.com\/pensiunebelis.ro","https:\/\/x.com\/vis_alpin","https:\/\/www.instagram.com\/vis.alpin\/","https:\/\/www.youtube.com\/channel\/UC9ww565y7GPfXiIYRwDR1Nw"]}]}},"_links":{"self":[{"href":"https:\/\/visalpin.ro\/index.php\/wp-json\/wp\/v2\/pages\/3987"}],"collection":[{"href":"https:\/\/visalpin.ro\/index.php\/wp-json\/wp\/v2\/pages"}],"about":[{"href":"https:\/\/visalpin.ro\/index.php\/wp-json\/wp\/v2\/types\/page"}],"author":[{"embeddable":true,"href":"https:\/\/visalpin.ro\/index.php\/wp-json\/wp\/v2\/users\/1"}],"replies":[{"embeddable":true,"href":"https:\/\/visalpin.ro\/index.php\/wp-json\/wp\/v2\/comments?post=3987"}],"version-history":[{"count":11,"href":"https:\/\/visalpin.ro\/index.php\/wp-json\/wp\/v2\/pages\/3987\/revisions"}],"predecessor-version":[{"id":4981,"href":"https:\/\/visalpin.ro\/index.php\/wp-json\/wp\/v2\/pages\/3987\/revisions\/4981"}],"wp:attachment":[{"href":"https:\/\/visalpin.ro\/index.php\/wp-json\/wp\/v2\/media?parent=3987"}],"curies":[{"name":"wp","href":"https:\/\/api.w.org\/{rel}","templated":true}]}}