{"id":3510,"date":"2020-06-19T14:38:13","date_gmt":"2020-06-19T14:38:13","guid":{"rendered":"http:\/\/staging.visalpin.ro\/?page_id=3510"},"modified":"2024-09-18T16:18:42","modified_gmt":"2024-09-18T16:18:42","slug":"regulament-ordine-interioara","status":"publish","type":"page","link":"https:\/\/visalpin.ro\/index.php\/regulament-ordine-interioara\/","title":{"rendered":"Regulament ordine interioara"},"content":{"rendered":"\n  <div class=\"banner has-hover\" id=\"banner-1489022155\">\n          <div class=\"banner-inner fill\">\n        <div class=\"banner-bg fill\" >\n            <img loading=\"lazy\" decoding=\"async\" width=\"1020\" height=\"678\" src=\"https:\/\/visalpin.ro\/wp-content\/uploads\/2020\/06\/MSE_8332-scaled-1024x681.jpg\" class=\"bg attachment-large size-large\" alt=\"\" \/>                        <div class=\"overlay\"><\/div>            \n                    <\/div>\n\t\t\n        <div class=\"banner-layers container\">\n            <div class=\"fill banner-link\"><\/div>            \n   <div id=\"text-box-1971494008\" class=\"text-box banner-layer x50 md-x50 lg-x50 y50 md-y50 lg-y50 res-text\">\n                                <div class=\"text-box-content text dark\">\n              \n              <div class=\"text-inner text-center\">\n                  \n<h3 class=\"uppercase\">Regulament ordine interioara<\/h3>\n              <\/div>\n           <\/div>\n                            \n<style>\n#text-box-1971494008 {\n  width: 60%;\n}\n#text-box-1971494008 .text-box-content {\n  font-size: 100%;\n}\n<\/style>\n    <\/div>\n \n        <\/div>\n      <\/div>\n\n            \n<style>\n#banner-1489022155 {\n  padding-top: 500px;\n}\n#banner-1489022155 .overlay {\n  background-color: rgba(0, 0, 0, 0.2);\n}\n#banner-1489022155 .banner-bg img {\n  object-position: 45% 27%;\n}\n<\/style>\n  <\/div>\n\n\n\t<section class=\"section\" id=\"section_2137716876\">\n\t\t<div class=\"section-bg fill\" >\n\t\t\t\t\t\t\t\t\t\n\t\t\t\n\n\t\t<\/div>\n\n\t\t\n\n\t\t<div class=\"section-content relative\">\n\t\t\t\n<div class=\"row\"  id=\"row-1938652276\">\n\n\t<div id=\"col-1852733210\" class=\"col small-12 large-12\"  >\n\t\t\t\t<div class=\"col-inner\"  >\n\t\t\t\n\t\t\t\n<h1><strong>REGULAMENT DE ORDINE INTERIOARA<\/strong><\/h1>\n<h1><strong>PENSIUNE ALPIN DIN LOCALITATEA BELIS<\/strong><\/h1>\n<p>\u00cen calitate de Proprietari, dorim s\u0103 ave\u0163i o \u015federe pl\u0103cut\u0103 \u00een Pensiunea Alpin, asigur\u00e2ndu-v\u0103 c\u0103 ne vom str\u0103dui ca toate serviciile oferite s\u0103 fie la nivelul cerin\u0163elor dumneavoastr\u0103. Regulamentul de ordine interioara si normele de comportament prezentate mai jos au rolul de a stabili premizele functionarii pensiunii in conditii civilizate si conform normelor legale. Prezentul regulament are ca obiectiv stabilirea condi\u0163iilor de \u015federe a turi\u015ftilor \u00een incinta Pensiunii. El se aplica tuturor turi\u015ftilor, care \u00eel accept\u0103 prin \u00eensu\u015fi faptul caz\u0103rii lor \u00een pensiune \u015fi trebuie s\u0103 i se conformeze f\u0103r\u0103 limite sau rezerve.<\/p>\n<p><strong>Servicii incluse in tariful de cazare:<\/strong><\/p>\n<ul>\n<li>masa in regimul ales<\/li>\n<li>internet ethernet si wireless, interior si exterior<\/li>\n<li>loc de joaca exterior,<\/li>\n<li>sala de conferinta cu 25 locuri;<\/li>\n<li>sala de fitness \u2013 relaxare, dotat\u0103 cu biciclet\u0103 medicinal\u0103, aparat de for\u0163\u0103, mas\u0103 de ping-pong,<\/li>\n<li>saun\u0103 \u015fi, pentru o deta\u015fare total\u0103, te invit\u0103m la aer,<\/li>\n<li>jacuzzi.<\/li>\n<\/ul>\n<p><strong>DOTARILE PENSIUNII<\/strong>: 5 camere a c\u00e2te 3 locuri, cu grup sanitar propriu, balcon, minibar, telefon, du\u015f, usc\u0103tor, halate de baie, prosoape SPA, TV satelit, internet si restaurant in regim de bufet.<\/p>\n<p><strong>REZERVARI SI CAZARE<\/strong><\/p>\n<p>Pentru ca eforturile noastre,\u00a0 de a va asigura cele mai bune conditii de cazare, confort si intimitate sa fie pastrate va rugam sa tratati cu grija dotarile si ambianta spatiilor pensiunii.<\/p>\n<p>Rezervarile sunt considerate a fi ferme doar dupa achitarea unui avans de minim\u00a0<strong>50%<\/strong>\u00a0din valoarea totala a pachetelor de cazare solicitate.<\/p>\n<p>Pentru rezervarile efectuate de grupuri (de la doua camere in plus), in caz de anulare a rezervarii:<\/p>\n<ul>\n<li>a) efectuata cu o perioada de 7-0 zile inainte de intrare datoreaza in intregime costul sejurului;<\/li>\n<li>b) efectuata cu o perioada de 21- 7 zile inainte de intrare se pierde 50% din costul sejurului;<\/li>\n<li>c) efectuata cu o perioada de peste 21 de zile inainte de intrare se restituie in intregime sumele achitate fara ca turistul sa sufere vreo penalizare;<\/li>\n<\/ul>\n<p>Pentru rezervarile efectuate de persoane individuale, in caz de anulare a rezervarii:<\/p>\n<ul>\n<li>a) efectuata cu o perioada de 7-0 zile inainte de intrare se pierde in intregime costul sejurului;<\/li>\n<li>b) efectuata cu o perioada de 21- 7 zile inainte de intrare se pierde 50% din costul sejurului;<\/li>\n<li>c) efectuata cu o perioada de peste 21 de zile inainte de intrare se restituie in intregime sumele achitate, fara ca turistul sa sufere vreo penalizare;<\/li>\n<\/ul>\n<p><b>Informatii Check in\/check out:<\/b><\/p>\n<p>Va asteptam cu drag venirea la pensiune \u00eencepand de la ora 14.00 pana cel tarziu la ora 18:00 (ora de la care camera poate fi ocupat\u0103\/ check-in \u0219i turistul poate beneficia de toate serviciile incluse).<br \/>Eliberarea camerei, \u00een ziua de check-out se face p\u00e2n\u0103 maxim la ora 12:00.<\/p>\n<p><b>ATENTIE!<\/b><br \/>In cazul in care in ultima zi de sejur camerele se elibereaza dupa ora 12.00, se va aplica o taxa suplimentara de late check-in in valoare 150 lei, TVA inclus (pentru intervalul 14.00 \u2013 18.00) si 100% din contravaloarea noptii de cazare \u00a0pentru depasirea orei 18.00.<\/p>\n<p><strong>Programul pensiunii:<\/strong><\/p>\n<p>Ziua de cazare incepe la ora 14:00 si se termina la ora 12:00<br \/>Micul dejun se serveste de tip bufet intre orele 8:30-10:30<br \/>Pranzul se serveste de tip bufet intre orele 13:00-14:30<br \/>Cina se serveste de tip bufet intre orele 18:00-20:00<br \/>Cazarea \u00een pensiune se face la receptie, prezent\u00e2nd actul de identitate pentru \u00eenregistrarea \u00een registrul destinat oaspetilor si pentru a se elibera cheia aferenta camerei rezervate. Din momentul preluarii cheii de la receptie, turistul raspunde pentru camera rezervata.<\/p>\n<p><strong>Reguli interne:<\/strong><\/p>\n<ul>\n<li>Persoanele care sunt in vizita trebuie sa paraseasca pensiunea pana cel tarziu la ora 22.00<\/li>\n<li>La plecarea din camera turistii trebuie\u00a0 sa stinga lumina si televizorul si sa se asigure ca\u00a0 toti robinetii de apa sunt inchisi.<\/li>\n<li>Accesul la jacuzzi si sauna este permis doar persoanelor cazate in pensiune;<\/li>\n<li>este interzisa utilizarea SPA- ului (jacuzziului sau saunei) de catre persoanele cu boli infec\u021bioase contagioase, cu boli cardiovasculare sau respiratorii;<\/li>\n<li>Pentru a evita r\u0103nirea, mare aten\u021bie atunci c\u00e2nd intra\u021bi sau ie\u0219i\u021bi din jacuzzi;<\/li>\n<li>In zona de SPA- sauna sau jacuzzi se interzice folosirea recipientelor sau articolelor de sticla, care s-ar putea sparge , iar apoi sa cauzeze raniri.<\/li>\n<li>Consumarea de bauturi alcoolice in Jacuzzi este interzisa.<\/li>\n<li>Este interzisa utilizarea jacuzziului imediat dup\u0103 efort fizic intens.<\/li>\n<li>Orice\u00a0 echipament electric trebuie instalat la cel pu\u021bin 1,5 metri pe orizontal\u0103 de jacuzzi;<\/li>\n<li>Pentru orice defectiune aparuta trebuie\u00a0 anuntat personalul pensiunii;<\/li>\n<li>Persoanele care vor sa-si pregateasca un gratar o pot face doar in locul amenajat special. Pentru detalii va rugam sa va adresati personalului pensiunii.<\/li>\n<li>Dupa fiecare folosire a gratarului focul se va supraveghea pana la stingere complecta.<\/li>\n<li>Consumul de alimente si bauturi achizitionate din afara pensiunii este permis doar cu acordul conducerii.<\/li>\n<li>Animalele de companie se accepta numai cu acordul prealabil al conducerii.<\/li>\n<li>Fumatul este interzis in perimetrul statiunii cu exceptia locurilor special amenajate; este interzisa aruncarea tigarilor consummate in alt loc decat cel amenajat exterior pentru fumat.<\/li>\n<li>Este interzis fumatul in interiorul pensiunii. Pensiunea este dotata cu sistem de alarma contra incendiilor, care detecteaza sursele de fum imediat si se declanseaza alarma, in caz de alarma provocata datorita fumatului, turistul vinovat de declansarea alarmei va fi amendat cu echivalentul a 200 Euro, calculabil in lei la cursul BNR din ziua alarmei, plus echivalentul interventiei pompierilor la locul evenimentului, plus eventuale daune datorita deschiderii trapei de fum din acoperisul pensiunii.<\/li>\n<li>Sa nu deterioreze obiectele din dotarea Pensiunii in caz contrar acestia datoreaza Pensiunii suma egala cu valoarea obiectului deteriorat si manopera;<\/li>\n<li>Sa nu preia la plecare vreun obiect din dotare;<\/li>\n<li>Sa nu deranjeze linistea celorlalti turisti;<\/li>\n<li>Sa foloseasca doar spatiile comune ale Pensiunii si camerele rezervate de ei;<\/li>\n<li>Sa nu intre in alte camere sau in spatiile destinate doar personalului Pensiunii;<\/li>\n<li>Persoanele care vin in vizita de la alte pensiuni sa fie anuntate la receptie;<\/li>\n<li>Sa nu lase copiii nesupravegheati;<\/li>\n<li>Sa anunte cat de repede posibil orice defectiune a aparatelor sau instalatiilor din dotare;<\/li>\n<li>Nu foloseasca prosoapele pentru: sters parul vopsit, pentru demachiat, curatat incaltamintea, geamantanele, pardoseala etc. A se folosi pentru uz corporal;<\/li>\n<li>Pentru plaja sa foloseasca prosoapele special destinate pentru acest lucru, aflate in inventarul camerelor sau preluate de la receptie.<\/li>\n<li>Sa nu rupa sau deterioreze plantele sau arbustii ornamentali;<\/li>\n<li>Sa respecte orele de odihna din pensiune: 22:00 \u2013 9.00 \u2013 14:00 \u2013 17:00. cu exceptia situatiei in care intreaga pensiune este rezervata de un singur grup si turistii agreaza al program, dar fara sa deranjeze vecinii pensiunii.<\/li>\n<li>In camere este interzisa organizarea de petreceri, nu se accepta muzica la volum ridicat; exceptie fac grupurile care ocupa intrega locatie, in limita nederanjarii vecinilor pensiunii.<\/li>\n<li>Este interzis accesul pe spatiile verzi cu autovehicule de orice fel, acestea putand fi parcate, gratuit, in spatiile amenajate in acest scop, dar numai pentru turistii cazati in pensiune;<\/li>\n<li>Este interzis aprinsul focurilor de orice natura in afara spatiilor amenajate in acest scop, sau cu orice alt material decat materialul lemnos pus la dispozitie de catre personalul pensiunii;<\/li>\n<li>Este interzisa prepararea alimentelor si consumul acestora in camere, consumul de alimente fiind permis numai in spatiile special amenajate;<\/li>\n<li>Este interzis accesul cu consumatori electrici mari, resouri, radiatoare, fierbatoar, etc.<\/li>\n<li>Este interzisa utilizarea minibarurilor in scopul depozitarii de alimente (exceptie fac alimentele destinate pentru hranirea copiilor pana la varsta de 4 ani);Se interzice accesul turistilor \u00een bucatarie, precum si de a folosi aparatura (calculatorul, aparatura de sonorizare, etc.) a pensiunii fara acordul personalului pensiunii;<\/li>\n<li>Se interzice cu desavarsire introducere in pensiune de armament ,arme albe sau substante interzise prin lege;<\/li>\n<li>Conform legislatiei romane consumul sau comercializarea de substante halucinogene sau psihotrope este interzis si se pedepseste;<\/li>\n<li>Gunoiul si resturile menajere se vor depozita \u00een saci menajeri, care se pot procura de la receptie, sau \u00een cosurile de gunoi amplasate pe raza pensiunii; pentru detalii va rugam s ava adresati personalului pensiunii.<\/li>\n<li>Este interzis sa se arunce \u00een WC obiecte care ar putea conduce la avarierea statiei de colectare a reziduurilor;<\/li>\n<\/ul>\n<p>Predarea cheii la receptie dupa expirarea perioadei rezervate se va face numai dupa ce s-a realizat verificarea camerei de catre personalul de serviciu al pensiunii.<\/p>\n<p><strong>ADMINISTRATOR PENSIUNEA ALPIN<\/strong><\/p>\n\t\t<\/div>\n\t\t\t\t\t<\/div>\n\n\t\n<\/div>\n\t\t<\/div>\n\n\t\t\n<style>\n#section_2137716876 {\n  padding-top: 60px;\n  padding-bottom: 60px;\n}\n<\/style>\n\t<\/section>\n\t\n","protected":false},"excerpt":{"rendered":"","protected":false},"author":1,"featured_media":0,"parent":0,"menu_order":0,"comment_status":"closed","ping_status":"closed","template":"page-blank.php","meta":{"footnotes":""},"class_list":["post-3510","page","type-page","status-publish","hentry"],"yoast_head":"<!-- This site is optimized with the Yoast SEO plugin v25.3.1 - https:\/\/yoast.com\/wordpress\/plugins\/seo\/ -->\n<title>Regulament ordine interioara - Pensiunea Vis Alpin Belis<\/title>\n<meta name=\"robots\" content=\"index, follow, max-snippet:-1, max-image-preview:large, max-video-preview:-1\" \/>\n<link rel=\"canonical\" href=\"https:\/\/visalpin.ro\/index.php\/regulament-ordine-interioara\/\" \/>\n<meta property=\"og:locale\" content=\"ro_RO\" \/>\n<meta property=\"og:type\" content=\"article\" \/>\n<meta property=\"og:title\" content=\"Regulament ordine interioara - Pensiunea Vis Alpin Belis\" \/>\n<meta property=\"og:url\" content=\"https:\/\/visalpin.ro\/index.php\/regulament-ordine-interioara\/\" \/>\n<meta property=\"og:site_name\" content=\"Pensiunea Vis Alpin Belis\" \/>\n<meta property=\"article:publisher\" content=\"https:\/\/www.facebook.com\/pensiunebelis.ro\" \/>\n<meta property=\"article:modified_time\" content=\"2024-09-18T16:18:42+00:00\" \/>\n<meta name=\"twitter:card\" content=\"summary_large_image\" \/>\n<meta name=\"twitter:site\" content=\"@vis_alpin\" \/>\n<meta name=\"twitter:label1\" content=\"Timp estimat pentru citire\" \/>\n\t<meta name=\"twitter:data1\" content=\"8 minute\" \/>\n<script type=\"application\/ld+json\" class=\"yoast-schema-graph\">{\"@context\":\"https:\/\/schema.org\",\"@graph\":[{\"@type\":\"WebPage\",\"@id\":\"https:\/\/visalpin.ro\/index.php\/regulament-ordine-interioara\/\",\"url\":\"https:\/\/visalpin.ro\/index.php\/regulament-ordine-interioara\/\",\"name\":\"Regulament ordine interioara - Pensiunea Vis Alpin Belis\",\"isPartOf\":{\"@id\":\"https:\/\/visalpin.ro\/#website\"},\"datePublished\":\"2020-06-19T14:38:13+00:00\",\"dateModified\":\"2024-09-18T16:18:42+00:00\",\"breadcrumb\":{\"@id\":\"https:\/\/visalpin.ro\/index.php\/regulament-ordine-interioara\/#breadcrumb\"},\"inLanguage\":\"ro-RO\",\"potentialAction\":[{\"@type\":\"ReadAction\",\"target\":[\"https:\/\/visalpin.ro\/index.php\/regulament-ordine-interioara\/\"]}]},{\"@type\":\"BreadcrumbList\",\"@id\":\"https:\/\/visalpin.ro\/index.php\/regulament-ordine-interioara\/#breadcrumb\",\"itemListElement\":[{\"@type\":\"ListItem\",\"position\":1,\"name\":\"Prima pagin\u0103\",\"item\":\"https:\/\/visalpin.ro\/\"},{\"@type\":\"ListItem\",\"position\":2,\"name\":\"Regulament ordine interioara\"}]},{\"@type\":\"WebSite\",\"@id\":\"https:\/\/visalpin.ro\/#website\",\"url\":\"https:\/\/visalpin.ro\/\",\"name\":\"Pensiunea Vis Alpin Belis\",\"description\":\"\",\"publisher\":{\"@id\":\"https:\/\/visalpin.ro\/#organization\"},\"potentialAction\":[{\"@type\":\"SearchAction\",\"target\":{\"@type\":\"EntryPoint\",\"urlTemplate\":\"https:\/\/visalpin.ro\/?s={search_term_string}\"},\"query-input\":{\"@type\":\"PropertyValueSpecification\",\"valueRequired\":true,\"valueName\":\"search_term_string\"}}],\"inLanguage\":\"ro-RO\"},{\"@type\":\"Organization\",\"@id\":\"https:\/\/visalpin.ro\/#organization\",\"name\":\"Pensiunea Vis Alpin Belis\",\"url\":\"https:\/\/visalpin.ro\/\",\"logo\":{\"@type\":\"ImageObject\",\"inLanguage\":\"ro-RO\",\"@id\":\"https:\/\/visalpin.ro\/#\/schema\/logo\/image\/\",\"url\":\"https:\/\/visalpin.ro\/wp-content\/uploads\/2020\/05\/logo-pensiunea-alpin-c9_Vis-BT2-antet.png\",\"contentUrl\":\"https:\/\/visalpin.ro\/wp-content\/uploads\/2020\/05\/logo-pensiunea-alpin-c9_Vis-BT2-antet.png\",\"width\":3308,\"height\":1437,\"caption\":\"Pensiunea Vis Alpin Belis\"},\"image\":{\"@id\":\"https:\/\/visalpin.ro\/#\/schema\/logo\/image\/\"},\"sameAs\":[\"https:\/\/www.facebook.com\/pensiunebelis.ro\",\"https:\/\/x.com\/vis_alpin\",\"https:\/\/www.instagram.com\/vis.alpin\/\",\"https:\/\/www.youtube.com\/channel\/UC9ww565y7GPfXiIYRwDR1Nw\"]}]}<\/script>\n<!-- \/ Yoast SEO plugin. -->","yoast_head_json":{"title":"Regulament ordine interioara - Pensiunea Vis Alpin Belis","robots":{"index":"index","follow":"follow","max-snippet":"max-snippet:-1","max-image-preview":"max-image-preview:large","max-video-preview":"max-video-preview:-1"},"canonical":"https:\/\/visalpin.ro\/index.php\/regulament-ordine-interioara\/","og_locale":"ro_RO","og_type":"article","og_title":"Regulament ordine interioara - Pensiunea Vis Alpin Belis","og_url":"https:\/\/visalpin.ro\/index.php\/regulament-ordine-interioara\/","og_site_name":"Pensiunea Vis Alpin Belis","article_publisher":"https:\/\/www.facebook.com\/pensiunebelis.ro","article_modified_time":"2024-09-18T16:18:42+00:00","twitter_card":"summary_large_image","twitter_site":"@vis_alpin","twitter_misc":{"Timp estimat pentru citire":"8 minute"},"schema":{"@context":"https:\/\/schema.org","@graph":[{"@type":"WebPage","@id":"https:\/\/visalpin.ro\/index.php\/regulament-ordine-interioara\/","url":"https:\/\/visalpin.ro\/index.php\/regulament-ordine-interioara\/","name":"Regulament ordine interioara - Pensiunea Vis Alpin Belis","isPartOf":{"@id":"https:\/\/visalpin.ro\/#website"},"datePublished":"2020-06-19T14:38:13+00:00","dateModified":"2024-09-18T16:18:42+00:00","breadcrumb":{"@id":"https:\/\/visalpin.ro\/index.php\/regulament-ordine-interioara\/#breadcrumb"},"inLanguage":"ro-RO","potentialAction":[{"@type":"ReadAction","target":["https:\/\/visalpin.ro\/index.php\/regulament-ordine-interioara\/"]}]},{"@type":"BreadcrumbList","@id":"https:\/\/visalpin.ro\/index.php\/regulament-ordine-interioara\/#breadcrumb","itemListElement":[{"@type":"ListItem","position":1,"name":"Prima pagin\u0103","item":"https:\/\/visalpin.ro\/"},{"@type":"ListItem","position":2,"name":"Regulament ordine interioara"}]},{"@type":"WebSite","@id":"https:\/\/visalpin.ro\/#website","url":"https:\/\/visalpin.ro\/","name":"Pensiunea Vis Alpin Belis","description":"","publisher":{"@id":"https:\/\/visalpin.ro\/#organization"},"potentialAction":[{"@type":"SearchAction","target":{"@type":"EntryPoint","urlTemplate":"https:\/\/visalpin.ro\/?s={search_term_string}"},"query-input":{"@type":"PropertyValueSpecification","valueRequired":true,"valueName":"search_term_string"}}],"inLanguage":"ro-RO"},{"@type":"Organization","@id":"https:\/\/visalpin.ro\/#organization","name":"Pensiunea Vis Alpin Belis","url":"https:\/\/visalpin.ro\/","logo":{"@type":"ImageObject","inLanguage":"ro-RO","@id":"https:\/\/visalpin.ro\/#\/schema\/logo\/image\/","url":"https:\/\/visalpin.ro\/wp-content\/uploads\/2020\/05\/logo-pensiunea-alpin-c9_Vis-BT2-antet.png","contentUrl":"https:\/\/visalpin.ro\/wp-content\/uploads\/2020\/05\/logo-pensiunea-alpin-c9_Vis-BT2-antet.png","width":3308,"height":1437,"caption":"Pensiunea Vis Alpin Belis"},"image":{"@id":"https:\/\/visalpin.ro\/#\/schema\/logo\/image\/"},"sameAs":["https:\/\/www.facebook.com\/pensiunebelis.ro","https:\/\/x.com\/vis_alpin","https:\/\/www.instagram.com\/vis.alpin\/","https:\/\/www.youtube.com\/channel\/UC9ww565y7GPfXiIYRwDR1Nw"]}]}},"_links":{"self":[{"href":"https:\/\/visalpin.ro\/index.php\/wp-json\/wp\/v2\/pages\/3510"}],"collection":[{"href":"https:\/\/visalpin.ro\/index.php\/wp-json\/wp\/v2\/pages"}],"about":[{"href":"https:\/\/visalpin.ro\/index.php\/wp-json\/wp\/v2\/types\/page"}],"author":[{"embeddable":true,"href":"https:\/\/visalpin.ro\/index.php\/wp-json\/wp\/v2\/users\/1"}],"replies":[{"embeddable":true,"href":"https:\/\/visalpin.ro\/index.php\/wp-json\/wp\/v2\/comments?post=3510"}],"version-history":[{"count":6,"href":"https:\/\/visalpin.ro\/index.php\/wp-json\/wp\/v2\/pages\/3510\/revisions"}],"predecessor-version":[{"id":4990,"href":"https:\/\/visalpin.ro\/index.php\/wp-json\/wp\/v2\/pages\/3510\/revisions\/4990"}],"wp:attachment":[{"href":"https:\/\/visalpin.ro\/index.php\/wp-json\/wp\/v2\/media?parent=3510"}],"curies":[{"name":"wp","href":"https:\/\/api.w.org\/{rel}","templated":true}]}}