{"id":281,"date":"2024-04-21T12:27:26","date_gmt":"2024-04-21T12:27:26","guid":{"rendered":"http:\/\/staging.visalpin.ro\/?page_id=281"},"modified":"2024-09-18T16:28:30","modified_gmt":"2024-09-18T16:28:30","slug":"restaurant-2","status":"publish","type":"page","link":"https:\/\/visalpin.ro\/index.php\/restaurant-2\/","title":{"rendered":"Restaurant-Meniu"},"content":{"rendered":"\n  <div class=\"banner has-hover\" id=\"banner-574788005\">\n          <div class=\"banner-inner fill\">\n        <div class=\"banner-bg fill\" >\n            <img loading=\"lazy\" decoding=\"async\" width=\"1020\" height=\"574\" src=\"https:\/\/visalpin.ro\/wp-content\/uploads\/2024\/09\/restaurant-slider-1024x576.png\" class=\"bg attachment-large size-large\" alt=\"\" \/>                        <div class=\"overlay\"><\/div>            \n                    <\/div>\n\t\t\n        <div class=\"banner-layers container\">\n            <div class=\"fill banner-link\"><\/div>            \n   <div id=\"text-box-1979122332\" class=\"text-box banner-layer x50 md-x50 lg-x50 y50 md-y50 lg-y50 res-text\">\n                                <div class=\"text-box-content text dark\">\n              \n              <div class=\"text-inner text-center\">\n                  \n<h3 class=\"uppercase\">RESTAURANT SI BAR<\/h3>\n<p>Oferim servicii de inalta calitate<\/p>\n              <\/div>\n           <\/div>\n                            \n<style>\n#text-box-1979122332 {\n  width: 60%;\n}\n#text-box-1979122332 .text-box-content {\n  font-size: 100%;\n}\n<\/style>\n    <\/div>\n \n        <\/div>\n      <\/div>\n\n            \n<style>\n#banner-574788005 {\n  padding-top: 500px;\n}\n#banner-574788005 .overlay {\n  background-color: rgba(0, 0, 0, 0.3);\n}\n#banner-574788005 .banner-bg img {\n  object-position: 44% 69%;\n}\n<\/style>\n  <\/div>\n\n\n\t<div id=\"gap-689165997\" class=\"gap-element clearfix\" style=\"display:block; height:auto;\">\n\t\t\n<style>\n#gap-689165997 {\n  padding-top: 30px;\n}\n<\/style>\n\t<\/div>\n\t\n\n\t<section class=\"section\" id=\"section_1264904554\">\n\t\t<div class=\"section-bg fill\" >\n\t\t\t\t\t\t\t\t\t\n\t\t\t\n\n\t\t<\/div>\n\n\t\t\n\n\t\t<div class=\"section-content relative\">\n\t\t\t\n<div class=\"row\"  id=\"row-1526453962\">\n\n\t<div id=\"col-968617002\" class=\"col medium-6 small-12 large-6\"  >\n\t\t\t\t<div class=\"col-inner\"  >\n\t\t\t\n\t\t\t\n<h3>Servicii Restaurant<\/h3>\n<h4 class=\"p1\"><strong><span class=\"s1\">Aerul de munte \u00ee\u0163i provoac\u0103 \u00eentotdeauna poft\u0103 de bun\u0103t\u0103\u0163i!<\/span><\/strong><\/h4>\n<p><strong>Restaurantul Vis Alpin<\/strong>\u00a0este un loc unde tradi\u021bia culinar\u0103 se \u00eent\u00e2lne\u0219te cu confortul ospitalit\u0103\u021bii moderne. Situat \u00een inima peisajului pitoresc al Muntiloe Apuseni, restaurantul nostru \u00ee\u0219i \u00eembie oaspe\u021bii cu arome autentice \u0219i servicii primitoare.<\/p>\n<p>Meniul nostru este o c\u0103l\u0103torie gustativ\u0103 prin deliciile locale \u0219i interna\u021bionale, preg\u0103tite cu aten\u021bie \u0219i pasiune de c\u0103tre buc\u0103tarii no\u0219tri talenta\u021bi. Indiferent dac\u0103 alege\u021bi s\u0103 gusta\u021bi din preparatele tradi\u021bionale ale regiunii sau s\u0103 explora\u021bi reinterpret\u0103rile moderne ale clasicelor culinare, ve\u021bi descoperi aici o experien\u021b\u0103 culinar\u0103 memorabil\u0103.<\/p>\n\t\t<\/div>\n\t\t\t\t\t<\/div>\n\n\t\n\n\t<div id=\"col-871556996\" class=\"col medium-6 small-12 large-6\"  >\n\t\t\t\t<div class=\"col-inner\"  >\n\t\t\t\n\t\t\t\n\t<div class=\"img has-hover x md-x lg-x y md-y lg-y\" id=\"image_1370840678\">\n\t\t\t\t\t\t\t\t<div class=\"img-inner dark\" >\n\t\t\t<img loading=\"lazy\" decoding=\"async\" width=\"443\" height=\"635\" src=\"https:\/\/visalpin.ro\/wp-content\/uploads\/2024\/05\/hand-drawn-chef-outline-illustration_23-2150874792.jpg\" class=\"attachment-large size-large\" alt=\"\" srcset=\"https:\/\/visalpin.ro\/wp-content\/uploads\/2024\/05\/hand-drawn-chef-outline-illustration_23-2150874792.jpg 443w, https:\/\/visalpin.ro\/wp-content\/uploads\/2024\/05\/hand-drawn-chef-outline-illustration_23-2150874792-209x300.jpg 209w, https:\/\/visalpin.ro\/wp-content\/uploads\/2024\/05\/hand-drawn-chef-outline-illustration_23-2150874792-8x12.jpg 8w\" sizes=\"(max-width: 443px) 100vw, 443px\" \/>\t\t\t\t\t\t\n\t\t\t\t\t<\/div>\n\t\t\t\t\t\t\t\t\n<style>\n#image_1370840678 {\n  width: 100%;\n}\n@media (min-width:550px) {\n  #image_1370840678 {\n    width: 50%;\n  }\n}\n<\/style>\n\t<\/div>\n\t\n\t\t<\/div>\n\t\t\t\t\t<\/div>\n\n\t\n<\/div>\n\t\t<\/div>\n\n\t\t\n<style>\n#section_1264904554 {\n  padding-top: 30px;\n  padding-bottom: 30px;\n}\n<\/style>\n\t<\/section>\n\t\n\n\t<section class=\"section\" id=\"section_1930715367\">\n\t\t<div class=\"section-bg fill\" >\n\t\t\t\t\t\t\t\t\t\n\t\t\t\n\n\t\t<\/div>\n\n\t\t\n\n\t\t<div class=\"section-content relative\">\n\t\t\t\n<div class=\"row\"  id=\"row-1572369217\">\n\n\t<div id=\"col-532785786\" class=\"col small-12 large-12\"  >\n\t\t\t\t<div class=\"col-inner\"  >\n\t\t\t\n\t\t\t\n<h2 style=\"text-align: center;\">MENIU RESTAURANT VIS ALPIN<\/h2>\n<p>Arunc\u0103 o privire peste ceea ce punem pe masa, Meniul a la carte este afisat mai jos. Va recomandam rezervarea mesei pe wup 0741277076.<\/p>\n\t\t<\/div>\n\t\t\t\t\t<\/div>\n\n\t\n<\/div>\n<div class=\"row\"  id=\"row-2089081505\">\n\n\t<div id=\"col-1581459301\" class=\"col medium-3 small-6 large-3\"  >\n\t\t\t\t<div class=\"col-inner text-center\"  >\n\t\t\t\n\t\t\t\n\n\t\t<div class=\"icon-box featured-box icon-box-top text-left\"  >\n\t\t\t\t\t<div class=\"icon-box-img\" style=\"width: 60px\">\n\t\t\t\t<div class=\"icon\">\n\t\t\t\t\t<div class=\"icon-inner\" >\n\t\t\t\t\t\t<img loading=\"lazy\" decoding=\"async\" width=\"300\" height=\"300\" src=\"https:\/\/visalpin.ro\/wp-content\/uploads\/2024\/09\/bottle-300x300.png\" class=\"attachment-medium size-medium\" alt=\"\" srcset=\"https:\/\/visalpin.ro\/wp-content\/uploads\/2024\/09\/bottle-300x300.png 300w, https:\/\/visalpin.ro\/wp-content\/uploads\/2024\/09\/bottle-100x100.png 100w, https:\/\/visalpin.ro\/wp-content\/uploads\/2024\/09\/bottle-150x150.png 150w, https:\/\/visalpin.ro\/wp-content\/uploads\/2024\/09\/bottle-12x12.png 12w, https:\/\/visalpin.ro\/wp-content\/uploads\/2024\/09\/bottle-350x350.png 350w, https:\/\/visalpin.ro\/wp-content\/uploads\/2024\/09\/bottle.png 512w\" sizes=\"(max-width: 300px) 100vw, 300px\" \/>\t\t\t\t\t<\/div>\n\t\t\t\t<\/div>\n\t\t\t<\/div>\n\t\t\t\t<div class=\"icon-box-text last-reset\">\n\t\t\t\t\t\t\t\t\t\n\t<div id=\"text-1693974472\" class=\"text\">\n\t\t\n<h4 style=\"text-align: center;\">BAUTURI BUNE<\/h4>\n<p>Licori bahice si non bahice pe saturate: ape, sucuri, limonade, vinuri, p\u0103linci, bauturi spirtuoase, beri, coktailurii \u015fi altele, dup\u0103 starea fiec\u0103ruia.<\/p>\n<p>Meniul de bauturi si vinuri este afisat mai jos.<\/p>\n\t\t\n<style>\n#text-1693974472 {\n  text-align: center;\n}\n<\/style>\n\t<\/div>\n\t\n\t\t<\/div>\n\t<\/div>\n\t\n\t\n\t<div id=\"gap-1366609372\" class=\"gap-element clearfix\" style=\"display:block; height:auto;\">\n\t\t\n<style>\n#gap-1366609372 {\n  padding-top: 15px;\n}\n<\/style>\n\t<\/div>\n\t\n<a href=\"\/index.php\/meniu-bar\/\" class=\"button primary\"  >\n\t\t<span>Vezi meniul Bar<\/span>\n\t<\/a>\n\n\t\t<\/div>\n\t\t\t\t\t<\/div>\n\n\t\n\n\t<div id=\"col-429580163\" class=\"col medium-3 small-6 large-3\"  >\n\t\t\t\t<div class=\"col-inner text-center\"  >\n\t\t\t\n\t\t\t\n\n\t\t<div class=\"icon-box featured-box icon-box-top text-left\"  >\n\t\t\t\t\t<div class=\"icon-box-img\" style=\"width: 60px\">\n\t\t\t\t<div class=\"icon\">\n\t\t\t\t\t<div class=\"icon-inner\" >\n\t\t\t\t\t\t<img loading=\"lazy\" decoding=\"async\" width=\"300\" height=\"300\" src=\"https:\/\/visalpin.ro\/wp-content\/uploads\/2024\/09\/breakfast-300x300.png\" class=\"attachment-medium size-medium\" alt=\"\" srcset=\"https:\/\/visalpin.ro\/wp-content\/uploads\/2024\/09\/breakfast-300x300.png 300w, https:\/\/visalpin.ro\/wp-content\/uploads\/2024\/09\/breakfast-100x100.png 100w, https:\/\/visalpin.ro\/wp-content\/uploads\/2024\/09\/breakfast-150x150.png 150w, https:\/\/visalpin.ro\/wp-content\/uploads\/2024\/09\/breakfast-12x12.png 12w, https:\/\/visalpin.ro\/wp-content\/uploads\/2024\/09\/breakfast-350x350.png 350w, https:\/\/visalpin.ro\/wp-content\/uploads\/2024\/09\/breakfast.png 512w\" sizes=\"(max-width: 300px) 100vw, 300px\" \/>\t\t\t\t\t<\/div>\n\t\t\t\t<\/div>\n\t\t\t<\/div>\n\t\t\t\t<div class=\"icon-box-text last-reset\">\n\t\t\t\t\t\t\t\t\t\n\t<div id=\"text-3315722968\" class=\"text\">\n\t\t\n<h4 style=\"text-align: center;\">MIC DEJUN BOGAT<\/h4>\n<p>Pentru un \u00eenceput de zi energic, oferim un mic-dejun bogat cu aperitive diversificate. Platouri diversificate, ceai sau cafea, dulcea\u021ba de cas\u0103 \u0219i multe altele\u2026<\/p>\n<p>\n\t\t\n<style>\n#text-3315722968 {\n  text-align: center;\n}\n<\/style>\n\t<\/div>\n\t\n\t\t<\/div>\n\t<\/div>\n\t\n\t\n\t\t<\/div>\n\t\t\t\t\t<\/div>\n\n\t\n\n\t<div id=\"col-578034181\" class=\"col medium-3 small-6 large-3\"  >\n\t\t\t\t<div class=\"col-inner text-center\"  >\n\t\t\t\n\t\t\t\n\n\t\t<div class=\"icon-box featured-box icon-box-top text-left\"  >\n\t\t\t\t\t<div class=\"icon-box-img\" style=\"width: 60px\">\n\t\t\t\t<div class=\"icon\">\n\t\t\t\t\t<div class=\"icon-inner\" >\n\t\t\t\t\t\t<img loading=\"lazy\" decoding=\"async\" width=\"300\" height=\"300\" src=\"https:\/\/visalpin.ro\/wp-content\/uploads\/2024\/09\/restaurant-2-300x300.png\" class=\"attachment-medium size-medium\" alt=\"\" srcset=\"https:\/\/visalpin.ro\/wp-content\/uploads\/2024\/09\/restaurant-2-300x300.png 300w, https:\/\/visalpin.ro\/wp-content\/uploads\/2024\/09\/restaurant-2-100x100.png 100w, https:\/\/visalpin.ro\/wp-content\/uploads\/2024\/09\/restaurant-2-150x150.png 150w, https:\/\/visalpin.ro\/wp-content\/uploads\/2024\/09\/restaurant-2-12x12.png 12w, https:\/\/visalpin.ro\/wp-content\/uploads\/2024\/09\/restaurant-2-350x350.png 350w, https:\/\/visalpin.ro\/wp-content\/uploads\/2024\/09\/restaurant-2.png 512w\" sizes=\"(max-width: 300px) 100vw, 300px\" \/>\t\t\t\t\t<\/div>\n\t\t\t\t<\/div>\n\t\t\t<\/div>\n\t\t\t\t<div class=\"icon-box-text last-reset\">\n\t\t\t\t\t\t\t\t\t\n\t<div id=\"text-566067551\" class=\"text\">\n\t\t\n<h4 style=\"text-align: center;\">PRANZ A LA CARTE<\/h4>\n<p>Pentru pr\u00e2nz te vom servi cu ciorbe, felul principal te va surprinde, garniturile sunt de tot soiul, pentru toate gusturile, iar desertul este fantastic.<\/p>\n<p>\n\t\t\n<style>\n#text-566067551 {\n  text-align: center;\n}\n<\/style>\n\t<\/div>\n\t\n\t\t<\/div>\n\t<\/div>\n\t\n\t\n\t<div id=\"gap-787690726\" class=\"gap-element clearfix\" style=\"display:block; height:auto;\">\n\t\t\n<style>\n#gap-787690726 {\n  padding-top: 15px;\n}\n<\/style>\n\t<\/div>\n\t\n<a href=\"\/index.php\/meniu\/\" class=\"button primary\"  >\n\t\t<span>Vezi Meniu Restaurant<\/span>\n\t<\/a>\n\n\t\t<\/div>\n\t\t\t\t\t<\/div>\n\n\t\n\n\t<div id=\"col-1329989747\" class=\"col medium-3 small-6 large-3\"  >\n\t\t\t\t<div class=\"col-inner text-center\"  >\n\t\t\t\n\t\t\t\n\n\t\t<div class=\"icon-box featured-box icon-box-top text-left\"  >\n\t\t\t\t\t<div class=\"icon-box-img\" style=\"width: 60px\">\n\t\t\t\t<div class=\"icon\">\n\t\t\t\t\t<div class=\"icon-inner\" >\n\t\t\t\t\t\t<img loading=\"lazy\" decoding=\"async\" width=\"300\" height=\"300\" src=\"https:\/\/visalpin.ro\/wp-content\/uploads\/2024\/09\/restaurant-1-300x300.png\" class=\"attachment-medium size-medium\" alt=\"\" srcset=\"https:\/\/visalpin.ro\/wp-content\/uploads\/2024\/09\/restaurant-1-300x300.png 300w, https:\/\/visalpin.ro\/wp-content\/uploads\/2024\/09\/restaurant-1-100x100.png 100w, https:\/\/visalpin.ro\/wp-content\/uploads\/2024\/09\/restaurant-1-150x150.png 150w, https:\/\/visalpin.ro\/wp-content\/uploads\/2024\/09\/restaurant-1-12x12.png 12w, https:\/\/visalpin.ro\/wp-content\/uploads\/2024\/09\/restaurant-1-350x350.png 350w, https:\/\/visalpin.ro\/wp-content\/uploads\/2024\/09\/restaurant-1.png 512w\" sizes=\"(max-width: 300px) 100vw, 300px\" \/>\t\t\t\t\t<\/div>\n\t\t\t\t<\/div>\n\t\t\t<\/div>\n\t\t\t\t<div class=\"icon-box-text last-reset\">\n\t\t\t\t\t\t\t\t\t\n\t<div id=\"text-2467709949\" class=\"text\">\n\t\t\n<h4 style=\"text-align: center;\">CINA A LA CARTE<\/h4>\n<p>Preparatele din pe\u015fte, porc, pui \u015fi vit\u0103, paste dup\u0103 cum v\u0103 e pe plac, deserturi ca la mama acasa vor aduce seara \u00eentr-o lumin\u0103 de vis. Avem de-asemenea preparate pentru copii-va rugam sa ne intrebati, iar salatele \u015fi mur\u0103turile vor fi \u00eenvior\u0103toare.<\/p>\n<p>\n\t\t\n<style>\n#text-2467709949 {\n  text-align: center;\n}\n<\/style>\n\t<\/div>\n\t\n\t\t<\/div>\n\t<\/div>\n\t\n\t\n\t<div id=\"gap-1020031701\" class=\"gap-element clearfix\" style=\"display:block; height:auto;\">\n\t\t\n<style>\n#gap-1020031701 {\n  padding-top: 15px;\n}\n<\/style>\n\t<\/div>\n\t\n<a href=\"\/index.php\/meniu\/\" class=\"button primary\"  >\n\t\t<span>Vezi Meniu Restaurant<\/span>\n\t<\/a>\n\n\t\t<\/div>\n\t\t\t\t\t<\/div>\n\n\t\n<\/div>\n\t\t<\/div>\n\n\t\t\n<style>\n#section_1930715367 {\n  padding-top: 30px;\n  padding-bottom: 30px;\n}\n<\/style>\n\t<\/section>\n\t\n\n\t<section class=\"section\" id=\"section_371847569\">\n\t\t<div class=\"section-bg fill\" >\n\t\t\t\t\t\t\t\t\t\n\t\t\t\n\n\t\t<\/div>\n\n\t\t\n\n\t\t<div class=\"section-content relative\">\n\t\t\t\n<div class=\"row\"  id=\"row-701487114\">\n\n\t<div id=\"col-1262050937\" class=\"col medium-6 small-12 large-6\"  >\n\t\t\t\t<div class=\"col-inner\"  >\n\t\t\t\n\t\t\t\n<h2>MIC DEJUN<\/h2>\n<p>Luni-Vineri 08:30 - 10:30<\/p>\n<p>Sambata si Duminica 09:00-10:30<\/p>\n<p>Restaurantul Vis Alpin din Beli\u0219 va ofera mic-dejun bogat, pentru un \u00eenceput de zi energic, in sistem bufet in fiecare diminea\u021b\u0103 de Luni-Vineri \u00eentre orele 08:30 si 10:30. In zilele de Sambata-Duminica micul dejun se serveste intre 09:00-10:30.<\/p>\n\t\t<\/div>\n\t\t\t\t\t<\/div>\n\n\t\n\n\t<div id=\"col-968089443\" class=\"col medium-6 small-12 large-6\"  >\n\t\t\t\t<div class=\"col-inner\"  >\n\t\t\t\n\t\t\t\n<h2>PR\u00c2NZ<\/h2>\n<p>13:00 - 15:00<\/p>\n<p>Zilnic, \u00eentre orele 13:30 \u2013 15:00, te a\u0219tept\u0103m cu un meniu de pr\u00e2nz savuros. Poti vizualiza meniul mai sus.\u00a0 Recomandam rezervarea la telefon sau wup 0741277076.<\/p>\n<p><a href=\"\/index.php\/meniu\/\">Vezi Meniu Restaurant<\/a><\/p>\n\t\t<\/div>\n\t\t\t\t\t<\/div>\n\n\t\n<\/div>\n<div class=\"row\"  id=\"row-2095663352\">\n\n\t<div id=\"col-148341246\" class=\"col medium-6 small-12 large-6\"  >\n\t\t\t\t<div class=\"col-inner\"  >\n\t\t\t\n\t\t\t\n<h2>CINA<\/h2>\n<p>18:00 - 20:00<\/p>\n<p>Va asteptam cu drag intre orele 18-20 sa savurati cina. Buc\u0103tarii no\u0219tri sunt pregati\u021bi s\u0103 v\u0103 prepare oricare din delicioasele preparate din meniu. Recomandam rezervare la telefon sau wup 0741277076.<\/p>\n<p class=\"desc\"><a href=\"\/index.php\/meniu\/\">Vezi Meniu Restaurant<\/a><\/p>\n\t\t<\/div>\n\t\t\t\t\t<\/div>\n\n\t\n\n\t<div id=\"col-1017469110\" class=\"col medium-6 small-12 large-6\"  >\n\t\t\t\t<div class=\"col-inner\"  >\n\t\t\t\n\t\t\t\n<h2>B\u0102UTURI<\/h2>\n<div class=\"awe-special-heading text-left\">\n<div class=\"awe-subheading below\">\n<p>12:00 - 21:00<\/p>\n<p>Te invit\u0103m intre orele 12-21 s\u0103 descoperi diversitatea sortimentului nostru de b\u0103uturi in atmosfera primitoare oferite de Barul Vis Alpin. Fiecare moment petrecut la noi este o experien\u021b\u0103 unic\u0103, iar noi suntem aici pentru a face fiecare moment al \u0219ederii tale memorabil.<\/p>\n<p><a href=\"\/index.php\/meniu-bar\/\">Vezi Meniu Bar<\/a><\/p>\n\t\t<\/div>\n\t\t\t\t\t<\/div>\n\n\t\n<\/div>\n\t\t<\/div>\n\n\t\t\n<style>\n#section_371847569 {\n  padding-top: 30px;\n  padding-bottom: 30px;\n}\n<\/style>\n\t<\/section>\n\t\n","protected":false},"excerpt":{"rendered":"","protected":false},"author":1,"featured_media":0,"parent":0,"menu_order":0,"comment_status":"closed","ping_status":"closed","template":"page-blank.php","meta":{"footnotes":""},"class_list":["post-281","page","type-page","status-publish","hentry"],"yoast_head":"<!-- This site is optimized with the Yoast SEO plugin v25.3.1 - https:\/\/yoast.com\/wordpress\/plugins\/seo\/ -->\n<title>Restaurant-Meniu - Pensiunea Vis Alpin Belis<\/title>\n<meta name=\"robots\" content=\"index, follow, max-snippet:-1, max-image-preview:large, max-video-preview:-1\" \/>\n<link rel=\"canonical\" href=\"https:\/\/visalpin.ro\/index.php\/restaurant-2\/\" \/>\n<meta property=\"og:locale\" content=\"ro_RO\" \/>\n<meta property=\"og:type\" content=\"article\" \/>\n<meta property=\"og:title\" content=\"Restaurant-Meniu - Pensiunea Vis Alpin Belis\" \/>\n<meta property=\"og:url\" content=\"https:\/\/visalpin.ro\/index.php\/restaurant-2\/\" \/>\n<meta property=\"og:site_name\" content=\"Pensiunea Vis Alpin Belis\" \/>\n<meta property=\"article:publisher\" content=\"https:\/\/www.facebook.com\/pensiunebelis.ro\" \/>\n<meta property=\"article:modified_time\" content=\"2024-09-18T16:28:30+00:00\" \/>\n<meta name=\"twitter:card\" content=\"summary_large_image\" \/>\n<meta name=\"twitter:site\" content=\"@vis_alpin\" \/>\n<meta name=\"twitter:label1\" content=\"Timp estimat pentru citire\" \/>\n\t<meta name=\"twitter:data1\" content=\"3 minute\" \/>\n<script type=\"application\/ld+json\" class=\"yoast-schema-graph\">{\"@context\":\"https:\/\/schema.org\",\"@graph\":[{\"@type\":\"WebPage\",\"@id\":\"https:\/\/visalpin.ro\/index.php\/restaurant-2\/\",\"url\":\"https:\/\/visalpin.ro\/index.php\/restaurant-2\/\",\"name\":\"Restaurant-Meniu - Pensiunea Vis Alpin Belis\",\"isPartOf\":{\"@id\":\"https:\/\/visalpin.ro\/#website\"},\"datePublished\":\"2024-04-21T12:27:26+00:00\",\"dateModified\":\"2024-09-18T16:28:30+00:00\",\"breadcrumb\":{\"@id\":\"https:\/\/visalpin.ro\/index.php\/restaurant-2\/#breadcrumb\"},\"inLanguage\":\"ro-RO\",\"potentialAction\":[{\"@type\":\"ReadAction\",\"target\":[\"https:\/\/visalpin.ro\/index.php\/restaurant-2\/\"]}]},{\"@type\":\"BreadcrumbList\",\"@id\":\"https:\/\/visalpin.ro\/index.php\/restaurant-2\/#breadcrumb\",\"itemListElement\":[{\"@type\":\"ListItem\",\"position\":1,\"name\":\"Prima pagin\u0103\",\"item\":\"https:\/\/visalpin.ro\/\"},{\"@type\":\"ListItem\",\"position\":2,\"name\":\"Restaurant-Meniu\"}]},{\"@type\":\"WebSite\",\"@id\":\"https:\/\/visalpin.ro\/#website\",\"url\":\"https:\/\/visalpin.ro\/\",\"name\":\"Pensiunea Vis Alpin Belis\",\"description\":\"\",\"publisher\":{\"@id\":\"https:\/\/visalpin.ro\/#organization\"},\"potentialAction\":[{\"@type\":\"SearchAction\",\"target\":{\"@type\":\"EntryPoint\",\"urlTemplate\":\"https:\/\/visalpin.ro\/?s={search_term_string}\"},\"query-input\":{\"@type\":\"PropertyValueSpecification\",\"valueRequired\":true,\"valueName\":\"search_term_string\"}}],\"inLanguage\":\"ro-RO\"},{\"@type\":\"Organization\",\"@id\":\"https:\/\/visalpin.ro\/#organization\",\"name\":\"Pensiunea Vis Alpin Belis\",\"url\":\"https:\/\/visalpin.ro\/\",\"logo\":{\"@type\":\"ImageObject\",\"inLanguage\":\"ro-RO\",\"@id\":\"https:\/\/visalpin.ro\/#\/schema\/logo\/image\/\",\"url\":\"https:\/\/visalpin.ro\/wp-content\/uploads\/2020\/05\/logo-pensiunea-alpin-c9_Vis-BT2-antet.png\",\"contentUrl\":\"https:\/\/visalpin.ro\/wp-content\/uploads\/2020\/05\/logo-pensiunea-alpin-c9_Vis-BT2-antet.png\",\"width\":3308,\"height\":1437,\"caption\":\"Pensiunea Vis Alpin Belis\"},\"image\":{\"@id\":\"https:\/\/visalpin.ro\/#\/schema\/logo\/image\/\"},\"sameAs\":[\"https:\/\/www.facebook.com\/pensiunebelis.ro\",\"https:\/\/x.com\/vis_alpin\",\"https:\/\/www.instagram.com\/vis.alpin\/\",\"https:\/\/www.youtube.com\/channel\/UC9ww565y7GPfXiIYRwDR1Nw\"]}]}<\/script>\n<!-- \/ Yoast SEO plugin. -->","yoast_head_json":{"title":"Restaurant-Meniu - Pensiunea Vis Alpin Belis","robots":{"index":"index","follow":"follow","max-snippet":"max-snippet:-1","max-image-preview":"max-image-preview:large","max-video-preview":"max-video-preview:-1"},"canonical":"https:\/\/visalpin.ro\/index.php\/restaurant-2\/","og_locale":"ro_RO","og_type":"article","og_title":"Restaurant-Meniu - Pensiunea Vis Alpin Belis","og_url":"https:\/\/visalpin.ro\/index.php\/restaurant-2\/","og_site_name":"Pensiunea Vis Alpin Belis","article_publisher":"https:\/\/www.facebook.com\/pensiunebelis.ro","article_modified_time":"2024-09-18T16:28:30+00:00","twitter_card":"summary_large_image","twitter_site":"@vis_alpin","twitter_misc":{"Timp estimat pentru citire":"3 minute"},"schema":{"@context":"https:\/\/schema.org","@graph":[{"@type":"WebPage","@id":"https:\/\/visalpin.ro\/index.php\/restaurant-2\/","url":"https:\/\/visalpin.ro\/index.php\/restaurant-2\/","name":"Restaurant-Meniu - Pensiunea Vis Alpin Belis","isPartOf":{"@id":"https:\/\/visalpin.ro\/#website"},"datePublished":"2024-04-21T12:27:26+00:00","dateModified":"2024-09-18T16:28:30+00:00","breadcrumb":{"@id":"https:\/\/visalpin.ro\/index.php\/restaurant-2\/#breadcrumb"},"inLanguage":"ro-RO","potentialAction":[{"@type":"ReadAction","target":["https:\/\/visalpin.ro\/index.php\/restaurant-2\/"]}]},{"@type":"BreadcrumbList","@id":"https:\/\/visalpin.ro\/index.php\/restaurant-2\/#breadcrumb","itemListElement":[{"@type":"ListItem","position":1,"name":"Prima pagin\u0103","item":"https:\/\/visalpin.ro\/"},{"@type":"ListItem","position":2,"name":"Restaurant-Meniu"}]},{"@type":"WebSite","@id":"https:\/\/visalpin.ro\/#website","url":"https:\/\/visalpin.ro\/","name":"Pensiunea Vis Alpin Belis","description":"","publisher":{"@id":"https:\/\/visalpin.ro\/#organization"},"potentialAction":[{"@type":"SearchAction","target":{"@type":"EntryPoint","urlTemplate":"https:\/\/visalpin.ro\/?s={search_term_string}"},"query-input":{"@type":"PropertyValueSpecification","valueRequired":true,"valueName":"search_term_string"}}],"inLanguage":"ro-RO"},{"@type":"Organization","@id":"https:\/\/visalpin.ro\/#organization","name":"Pensiunea Vis Alpin Belis","url":"https:\/\/visalpin.ro\/","logo":{"@type":"ImageObject","inLanguage":"ro-RO","@id":"https:\/\/visalpin.ro\/#\/schema\/logo\/image\/","url":"https:\/\/visalpin.ro\/wp-content\/uploads\/2020\/05\/logo-pensiunea-alpin-c9_Vis-BT2-antet.png","contentUrl":"https:\/\/visalpin.ro\/wp-content\/uploads\/2020\/05\/logo-pensiunea-alpin-c9_Vis-BT2-antet.png","width":3308,"height":1437,"caption":"Pensiunea Vis Alpin Belis"},"image":{"@id":"https:\/\/visalpin.ro\/#\/schema\/logo\/image\/"},"sameAs":["https:\/\/www.facebook.com\/pensiunebelis.ro","https:\/\/x.com\/vis_alpin","https:\/\/www.instagram.com\/vis.alpin\/","https:\/\/www.youtube.com\/channel\/UC9ww565y7GPfXiIYRwDR1Nw"]}]}},"_links":{"self":[{"href":"https:\/\/visalpin.ro\/index.php\/wp-json\/wp\/v2\/pages\/281"}],"collection":[{"href":"https:\/\/visalpin.ro\/index.php\/wp-json\/wp\/v2\/pages"}],"about":[{"href":"https:\/\/visalpin.ro\/index.php\/wp-json\/wp\/v2\/types\/page"}],"author":[{"embeddable":true,"href":"https:\/\/visalpin.ro\/index.php\/wp-json\/wp\/v2\/users\/1"}],"replies":[{"embeddable":true,"href":"https:\/\/visalpin.ro\/index.php\/wp-json\/wp\/v2\/comments?post=281"}],"version-history":[{"count":65,"href":"https:\/\/visalpin.ro\/index.php\/wp-json\/wp\/v2\/pages\/281\/revisions"}],"predecessor-version":[{"id":4996,"href":"https:\/\/visalpin.ro\/index.php\/wp-json\/wp\/v2\/pages\/281\/revisions\/4996"}],"wp:attachment":[{"href":"https:\/\/visalpin.ro\/index.php\/wp-json\/wp\/v2\/media?parent=281"}],"curies":[{"name":"wp","href":"https:\/\/api.w.org\/{rel}","templated":true}]}}